{"id":2324,"date":"2025-06-19T13:28:11","date_gmt":"2025-06-19T13:28:11","guid":{"rendered":"https:\/\/trevicollectionhotel.com\/hotels\/"},"modified":"2025-11-25T14:38:23","modified_gmt":"2025-11-25T14:38:23","slug":"hotel","status":"publish","type":"page","link":"https:\/\/trevicollectionhotel.com\/fr\/hotel\/","title":{"rendered":"H\u00f4tels"},"content":{"rendered":"\t\t<div data-elementor-type=\"wp-page\" data-elementor-id=\"2324\" class=\"elementor elementor-2324 elementor-1096\" data-elementor-post-type=\"page\">\n\t\t\t\t\t\t<section class=\"elementor-section elementor-top-section elementor-element elementor-element-6f224e2 elementor-section-height-min-height elementor-section-boxed elementor-section-height-default elementor-section-items-middle\" data-id=\"6f224e2\" data-element_type=\"section\" data-e-type=\"section\" data-settings=\"{&quot;background_background&quot;:&quot;classic&quot;}\">\n\t\t\t\t\t\t<div class=\"elementor-container elementor-column-gap-default\">\n\t\t\t\t\t<div class=\"elementor-column elementor-col-100 elementor-top-column elementor-element elementor-element-c2b85b0\" data-id=\"c2b85b0\" data-element_type=\"column\" data-e-type=\"column\">\n\t\t\t<div class=\"elementor-widget-wrap\">\n\t\t\t\t\t\t\t<\/div>\n\t\t<\/div>\n\t\t\t\t\t<\/div>\n\t\t<\/section>\n\t\t\t\t<section class=\"elementor-section elementor-top-section elementor-element elementor-element-aa089c9 elementor-section-boxed elementor-section-height-default elementor-section-height-default\" data-id=\"aa089c9\" data-element_type=\"section\" data-e-type=\"section\" data-settings=\"{&quot;background_background&quot;:&quot;classic&quot;}\">\n\t\t\t\t\t\t<div class=\"elementor-container elementor-column-gap-default\">\n\t\t\t\t\t<div class=\"elementor-column elementor-col-100 elementor-top-column elementor-element elementor-element-29152d3\" data-id=\"29152d3\" data-element_type=\"column\" data-e-type=\"column\">\n\t\t\t<div class=\"elementor-widget-wrap elementor-element-populated\">\n\t\t\t\t\t\t<div class=\"elementor-element elementor-element-956e924 elementor-widget__width-auto elementor-hidden-tablet elementor-hidden-mobile elementor-widget-divider--view-line elementor-widget elementor-widget-divider\" data-id=\"956e924\" data-element_type=\"widget\" data-e-type=\"widget\" data-widget_type=\"divider.default\">\n\t\t\t\t<div class=\"elementor-widget-container\">\n\t\t\t\t\t\t\t<div class=\"elementor-divider\">\n\t\t\t<span class=\"elementor-divider-separator\">\n\t\t\t\t\t\t<\/span>\n\t\t<\/div>\n\t\t\t\t\t\t<\/div>\n\t\t\t\t<\/div>\n\t\t\t\t<div class=\"elementor-element elementor-element-0ad63e2 elementor-widget__width-auto elementor-widget elementor-widget-heading\" data-id=\"0ad63e2\" data-element_type=\"widget\" data-e-type=\"widget\" data-widget_type=\"heading.default\">\n\t\t\t\t<div class=\"elementor-widget-container\">\n\t\t\t\t\t<h1 class=\"elementor-heading-title elementor-size-default\">H\u00f4tel Trevi Collection<\/h1>\t\t\t\t<\/div>\n\t\t\t\t<\/div>\n\t\t\t\t\t<\/div>\n\t\t<\/div>\n\t\t\t\t\t<\/div>\n\t\t<\/section>\n\t\t\t\t<section class=\"elementor-section elementor-top-section elementor-element elementor-element-20ccd7b elementor-section-content-middle elementor-section-boxed elementor-section-height-default elementor-section-height-default\" data-id=\"20ccd7b\" data-element_type=\"section\" data-e-type=\"section\" data-settings=\"{&quot;background_background&quot;:&quot;classic&quot;}\">\n\t\t\t\t\t\t<div class=\"elementor-container elementor-column-gap-no\">\n\t\t\t\t\t<div class=\"elementor-column elementor-col-50 elementor-top-column elementor-element elementor-element-ccc226d\" data-id=\"ccc226d\" data-element_type=\"column\" data-e-type=\"column\">\n\t\t\t<div class=\"elementor-widget-wrap elementor-element-populated\">\n\t\t\t\t\t\t<div class=\"elementor-element elementor-element-d184c51 elementor-widget elementor-widget-heading\" data-id=\"d184c51\" data-element_type=\"widget\" data-e-type=\"widget\" data-widget_type=\"heading.default\">\n\t\t\t\t<div class=\"elementor-widget-container\">\n\t\t\t\t\t<h4 class=\"elementor-heading-title elementor-size-default\">Un s\u00e9jour au c\u0153ur authentique de Rome<\/h4>\t\t\t\t<\/div>\n\t\t\t\t<\/div>\n\t\t\t\t<div class=\"elementor-element elementor-element-321079d elementor-widget elementor-widget-text-editor\" data-id=\"321079d\" data-element_type=\"widget\" data-e-type=\"widget\" data-widget_type=\"text-editor.default\">\n\t\t\t\t<div class=\"elementor-widget-container\">\n\t\t\t\t\t\t\t\t\t<p data-start=\"206\" data-end=\"250\">Entre l&rsquo;\u00e9vocateur <strong data-start=\"270\" data-end=\"290\">escalier espagnol<\/strong> et l&#8217;embl\u00e9matique <strong data-start=\"303\" data-end=\"323\">fontaine de Trevi<\/strong>, le <strong>Trevi Collection Hotel<\/strong> vous accueille dans un lieu unique, o\u00f9 la <strong data-start=\"398\" data-end=\"430\">beaut\u00e9 intemporelle de Rome<\/strong> rencontre le <strong data-start=\"443\" data-end=\"461\">design moderne<\/strong> et l&rsquo;\u00e9l\u00e9gance contemporaine.<\/p><p data-start=\"491\" data-end=\"774\">Nos chambres, soigneusement entretenues, offrent confort et style dans une atmosph\u00e8re relaxante et raffin\u00e9e, parfaite pour se ressourcer apr\u00e8s une journ\u00e9e de d\u00e9couverte de l&rsquo;art, du shopping et de la culture. Que vous soyez \u00e0 Rome pour affaires ou pour le plaisir, vous trouverez ici l&rsquo;\u00e9quilibre parfait entre fonctionnalit\u00e9 et charme.<\/p><p data-start=\"776\" data-end=\"905\">L&rsquo;H\u00f4tel Trevi Collection est bien plus qu&rsquo;un simple h\u00f4tel : c&rsquo;est<strong data-start=\"838\" data-end=\"865\"> une exp\u00e9rience \u00e0 vivre<\/strong>, au c\u0153ur battant de la Ville \u00c9ternelle.<\/p><p data-start=\"907\" data-end=\"1041\">Nous sommes pr\u00eats \u00e0 vous accueillir avec notre <strong data-start=\"958\" data-end=\"981\">hospitalit\u00e9 italienne<\/strong> habituelle, pour faire de chaque s\u00e9jour <strong data-start=\"1010\" data-end=\"1040\">un souvenir inoubliable.<\/strong><\/p>\t\t\t\t\t\t\t\t<\/div>\n\t\t\t\t<\/div>\n\t\t\t\t\t<\/div>\n\t\t<\/div>\n\t\t\t\t<div class=\"elementor-column elementor-col-50 elementor-top-column elementor-element elementor-element-f1bb709\" data-id=\"f1bb709\" data-element_type=\"column\" data-e-type=\"column\">\n\t\t\t<div class=\"elementor-widget-wrap elementor-element-populated\">\n\t\t\t\t\t\t<section class=\"elementor-section elementor-inner-section elementor-element elementor-element-cfc34fe elementor-section-full_width elementor-section-height-default elementor-section-height-default\" data-id=\"cfc34fe\" data-element_type=\"section\" data-e-type=\"section\">\n\t\t\t\t\t\t<div class=\"elementor-container elementor-column-gap-narrow\">\n\t\t\t\t\t<div class=\"elementor-column elementor-col-50 elementor-inner-column elementor-element elementor-element-13744d9\" data-id=\"13744d9\" data-element_type=\"column\" data-e-type=\"column\">\n\t\t\t<div class=\"elementor-widget-wrap elementor-element-populated\">\n\t\t\t\t\t\t<div class=\"elementor-element elementor-element-6682d4b elementor-widget elementor-widget-image\" data-id=\"6682d4b\" data-element_type=\"widget\" data-e-type=\"widget\" data-widget_type=\"image.default\">\n\t\t\t\t<div class=\"elementor-widget-container\">\n\t\t\t\t\t\t\t\t\t\t\t\t\t\t\t<img loading=\"lazy\" decoding=\"async\" width=\"605\" height=\"605\" src=\"https:\/\/trevicollectionhotel.com\/wp-content\/uploads\/2021\/10\/Juniorsuite-605x605.webp\" class=\"attachment-th_img_md_square size-th_img_md_square wp-image-1746\" alt=\"\" srcset=\"https:\/\/trevicollectionhotel.com\/wp-content\/uploads\/2021\/10\/Juniorsuite-605x605.webp 605w, https:\/\/trevicollectionhotel.com\/wp-content\/uploads\/2021\/10\/Juniorsuite-300x300.webp 300w, https:\/\/trevicollectionhotel.com\/wp-content\/uploads\/2021\/10\/Juniorsuite-150x150.webp 150w, https:\/\/trevicollectionhotel.com\/wp-content\/uploads\/2021\/10\/Juniorsuite-768x768.webp 768w, https:\/\/trevicollectionhotel.com\/wp-content\/uploads\/2021\/10\/Juniorsuite-80x80.webp 80w, https:\/\/trevicollectionhotel.com\/wp-content\/uploads\/2021\/10\/Juniorsuite-394x394.webp 394w, https:\/\/trevicollectionhotel.com\/wp-content\/uploads\/2021\/10\/Juniorsuite-303x303.webp 303w, https:\/\/trevicollectionhotel.com\/wp-content\/uploads\/2021\/10\/Juniorsuite-700x700.webp 700w, https:\/\/trevicollectionhotel.com\/wp-content\/uploads\/2021\/10\/Juniorsuite-950x950.webp 950w, https:\/\/trevicollectionhotel.com\/wp-content\/uploads\/2021\/10\/Juniorsuite-100x100.webp 100w, https:\/\/trevicollectionhotel.com\/wp-content\/uploads\/2021\/10\/Juniorsuite.webp 1020w\" sizes=\"auto, (max-width: 605px) 100vw, 605px\" \/>\t\t\t\t\t\t\t\t\t\t\t\t\t\t\t<\/div>\n\t\t\t\t<\/div>\n\t\t\t\t\t<\/div>\n\t\t<\/div>\n\t\t\t\t<div class=\"elementor-column elementor-col-50 elementor-inner-column elementor-element elementor-element-1df6dee\" data-id=\"1df6dee\" data-element_type=\"column\" data-e-type=\"column\">\n\t\t\t<div class=\"elementor-widget-wrap elementor-element-populated\">\n\t\t\t\t\t\t<div class=\"elementor-element elementor-element-a1a46e9 elementor-widget elementor-widget-image\" data-id=\"a1a46e9\" data-element_type=\"widget\" data-e-type=\"widget\" data-widget_type=\"image.default\">\n\t\t\t\t<div class=\"elementor-widget-container\">\n\t\t\t\t\t\t\t\t\t\t\t\t\t\t\t<img loading=\"lazy\" decoding=\"async\" width=\"605\" height=\"605\" src=\"https:\/\/trevicollectionhotel.com\/wp-content\/uploads\/2021\/10\/Suite-Valentine_gallery1-605x605.webp\" class=\"attachment-th_img_md_square size-th_img_md_square wp-image-1749\" alt=\"\" srcset=\"https:\/\/trevicollectionhotel.com\/wp-content\/uploads\/2021\/10\/Suite-Valentine_gallery1-605x605.webp 605w, https:\/\/trevicollectionhotel.com\/wp-content\/uploads\/2021\/10\/Suite-Valentine_gallery1-300x300.webp 300w, https:\/\/trevicollectionhotel.com\/wp-content\/uploads\/2021\/10\/Suite-Valentine_gallery1-1024x1024.webp 1024w, https:\/\/trevicollectionhotel.com\/wp-content\/uploads\/2021\/10\/Suite-Valentine_gallery1-150x150.webp 150w, https:\/\/trevicollectionhotel.com\/wp-content\/uploads\/2021\/10\/Suite-Valentine_gallery1-768x768.webp 768w, https:\/\/trevicollectionhotel.com\/wp-content\/uploads\/2021\/10\/Suite-Valentine_gallery1-80x80.webp 80w, https:\/\/trevicollectionhotel.com\/wp-content\/uploads\/2021\/10\/Suite-Valentine_gallery1-394x394.webp 394w, https:\/\/trevicollectionhotel.com\/wp-content\/uploads\/2021\/10\/Suite-Valentine_gallery1-303x303.webp 303w, https:\/\/trevicollectionhotel.com\/wp-content\/uploads\/2021\/10\/Suite-Valentine_gallery1-700x700.webp 700w, https:\/\/trevicollectionhotel.com\/wp-content\/uploads\/2021\/10\/Suite-Valentine_gallery1-950x950.webp 950w, https:\/\/trevicollectionhotel.com\/wp-content\/uploads\/2021\/10\/Suite-Valentine_gallery1-1080x1080.webp 1080w, https:\/\/trevicollectionhotel.com\/wp-content\/uploads\/2021\/10\/Suite-Valentine_gallery1-100x100.webp 100w, https:\/\/trevicollectionhotel.com\/wp-content\/uploads\/2021\/10\/Suite-Valentine_gallery1.webp 1280w\" sizes=\"auto, (max-width: 605px) 100vw, 605px\" \/>\t\t\t\t\t\t\t\t\t\t\t\t\t\t\t<\/div>\n\t\t\t\t<\/div>\n\t\t\t\t\t<\/div>\n\t\t<\/div>\n\t\t\t\t\t<\/div>\n\t\t<\/section>\n\t\t\t\t<section class=\"elementor-section elementor-inner-section elementor-element elementor-element-119c3a0 elementor-section-full_width elementor-section-height-default elementor-section-height-default\" data-id=\"119c3a0\" data-element_type=\"section\" data-e-type=\"section\">\n\t\t\t\t\t\t<div class=\"elementor-container elementor-column-gap-narrow\">\n\t\t\t\t\t<div class=\"elementor-column elementor-col-50 elementor-inner-column elementor-element elementor-element-08017b9\" data-id=\"08017b9\" data-element_type=\"column\" data-e-type=\"column\">\n\t\t\t<div class=\"elementor-widget-wrap elementor-element-populated\">\n\t\t\t\t\t\t<div class=\"elementor-element elementor-element-dcbb115 elementor-widget elementor-widget-image\" data-id=\"dcbb115\" data-element_type=\"widget\" data-e-type=\"widget\" data-widget_type=\"image.default\">\n\t\t\t\t<div class=\"elementor-widget-container\">\n\t\t\t\t\t\t\t\t\t\t\t\t\t\t\t<img loading=\"lazy\" decoding=\"async\" width=\"605\" height=\"605\" src=\"https:\/\/trevicollectionhotel.com\/wp-content\/uploads\/2021\/10\/Suite_gallery-605x605.webp\" class=\"attachment-th_img_md_square size-th_img_md_square wp-image-1752\" alt=\"\" srcset=\"https:\/\/trevicollectionhotel.com\/wp-content\/uploads\/2021\/10\/Suite_gallery-605x605.webp 605w, https:\/\/trevicollectionhotel.com\/wp-content\/uploads\/2021\/10\/Suite_gallery-300x300.webp 300w, https:\/\/trevicollectionhotel.com\/wp-content\/uploads\/2021\/10\/Suite_gallery-150x150.webp 150w, https:\/\/trevicollectionhotel.com\/wp-content\/uploads\/2021\/10\/Suite_gallery-768x768.webp 768w, https:\/\/trevicollectionhotel.com\/wp-content\/uploads\/2021\/10\/Suite_gallery-80x80.webp 80w, https:\/\/trevicollectionhotel.com\/wp-content\/uploads\/2021\/10\/Suite_gallery-394x394.webp 394w, https:\/\/trevicollectionhotel.com\/wp-content\/uploads\/2021\/10\/Suite_gallery-303x303.webp 303w, https:\/\/trevicollectionhotel.com\/wp-content\/uploads\/2021\/10\/Suite_gallery-700x700.webp 700w, https:\/\/trevicollectionhotel.com\/wp-content\/uploads\/2021\/10\/Suite_gallery-950x950.webp 950w, https:\/\/trevicollectionhotel.com\/wp-content\/uploads\/2021\/10\/Suite_gallery-100x100.webp 100w, https:\/\/trevicollectionhotel.com\/wp-content\/uploads\/2021\/10\/Suite_gallery.webp 1020w\" sizes=\"auto, (max-width: 605px) 100vw, 605px\" \/>\t\t\t\t\t\t\t\t\t\t\t\t\t\t\t<\/div>\n\t\t\t\t<\/div>\n\t\t\t\t\t<\/div>\n\t\t<\/div>\n\t\t\t\t<div class=\"elementor-column elementor-col-50 elementor-inner-column elementor-element elementor-element-c6446f5\" data-id=\"c6446f5\" data-element_type=\"column\" data-e-type=\"column\">\n\t\t\t<div class=\"elementor-widget-wrap elementor-element-populated\">\n\t\t\t\t\t\t<div class=\"elementor-element elementor-element-9dbf8f7 elementor-widget elementor-widget-image\" data-id=\"9dbf8f7\" data-element_type=\"widget\" data-e-type=\"widget\" data-widget_type=\"image.default\">\n\t\t\t\t<div class=\"elementor-widget-container\">\n\t\t\t\t\t\t\t\t\t\t\t\t\t\t\t<img loading=\"lazy\" decoding=\"async\" width=\"605\" height=\"605\" src=\"https:\/\/trevicollectionhotel.com\/wp-content\/uploads\/2021\/10\/Suite_gallery-605x605.webp\" class=\"attachment-th_img_md_square size-th_img_md_square wp-image-1752\" alt=\"\" srcset=\"https:\/\/trevicollectionhotel.com\/wp-content\/uploads\/2021\/10\/Suite_gallery-605x605.webp 605w, https:\/\/trevicollectionhotel.com\/wp-content\/uploads\/2021\/10\/Suite_gallery-300x300.webp 300w, https:\/\/trevicollectionhotel.com\/wp-content\/uploads\/2021\/10\/Suite_gallery-150x150.webp 150w, https:\/\/trevicollectionhotel.com\/wp-content\/uploads\/2021\/10\/Suite_gallery-768x768.webp 768w, https:\/\/trevicollectionhotel.com\/wp-content\/uploads\/2021\/10\/Suite_gallery-80x80.webp 80w, https:\/\/trevicollectionhotel.com\/wp-content\/uploads\/2021\/10\/Suite_gallery-394x394.webp 394w, https:\/\/trevicollectionhotel.com\/wp-content\/uploads\/2021\/10\/Suite_gallery-303x303.webp 303w, https:\/\/trevicollectionhotel.com\/wp-content\/uploads\/2021\/10\/Suite_gallery-700x700.webp 700w, https:\/\/trevicollectionhotel.com\/wp-content\/uploads\/2021\/10\/Suite_gallery-950x950.webp 950w, https:\/\/trevicollectionhotel.com\/wp-content\/uploads\/2021\/10\/Suite_gallery-100x100.webp 100w, https:\/\/trevicollectionhotel.com\/wp-content\/uploads\/2021\/10\/Suite_gallery.webp 1020w\" sizes=\"auto, (max-width: 605px) 100vw, 605px\" \/>\t\t\t\t\t\t\t\t\t\t\t\t\t\t\t<\/div>\n\t\t\t\t<\/div>\n\t\t\t\t\t<\/div>\n\t\t<\/div>\n\t\t\t\t\t<\/div>\n\t\t<\/section>\n\t\t\t\t\t<\/div>\n\t\t<\/div>\n\t\t\t\t\t<\/div>\n\t\t<\/section>\n\t\t\t\t<\/div>\n\t\t","protected":false},"excerpt":{"rendered":"<p>H\u00f4tel Trevi Collection Un s\u00e9jour au c\u0153ur authentique de Rome Entre l&rsquo;\u00e9vocateur escalier espagnol et l&#8217;embl\u00e9matique fontaine de Trevi, le Trevi Collection Hotel vous accueille dans un lieu unique, o\u00f9 la beaut\u00e9 intemporelle de Rome rencontre le design moderne et &hellip; <a href=\"https:\/\/trevicollectionhotel.com\/fr\/hotel\/\">Read More<\/a><\/p>\n","protected":false},"author":1,"featured_media":1818,"parent":0,"menu_order":0,"comment_status":"closed","ping_status":"closed","template":"","meta":{"footnotes":""},"class_list":["post-2324","page","type-page","status-publish","has-post-thumbnail","hentry"],"yoast_head":"<!-- This site is optimized with the Yoast SEO plugin v26.9 - https:\/\/yoast.com\/product\/yoast-seo-wordpress\/ -->\n<title>Chambres et Services | Trevi Collection Hotel Rome<\/title>\n<meta name=\"description\" content=\"Le Trevi Collection Hotel propose des chambres \u00e9l\u00e9gantes et confortables au c\u0153ur de Rome, \u00e0 deux pas de la Fontaine de Trevi.\" \/>\n<meta name=\"robots\" content=\"index, follow, max-snippet:-1, max-image-preview:large, max-video-preview:-1\" \/>\n<link rel=\"canonical\" href=\"https:\/\/trevicollectionhotel.com\/fr\/hotel\/\" \/>\n<meta property=\"og:locale\" content=\"fr_FR\" \/>\n<meta property=\"og:type\" content=\"article\" \/>\n<meta property=\"og:title\" content=\"Chambres et Services | Trevi Collection Hotel Rome\" \/>\n<meta property=\"og:description\" content=\"Le Trevi Collection Hotel propose des chambres \u00e9l\u00e9gantes et confortables au c\u0153ur de Rome, \u00e0 deux pas de la Fontaine de Trevi.\" \/>\n<meta property=\"og:url\" content=\"https:\/\/trevicollectionhotel.com\/fr\/hotel\/\" \/>\n<meta property=\"og:site_name\" content=\"Trevi Collection Hotel a Roma\" \/>\n<meta property=\"article:publisher\" content=\"https:\/\/www.facebook.com\/profile.php?id=61576998643266#\" \/>\n<meta property=\"article:modified_time\" content=\"2025-11-25T14:38:23+00:00\" \/>\n<meta property=\"og:image\" content=\"https:\/\/trevicollectionhotel.com\/wp-content\/uploads\/2025\/05\/favicon.webp\" \/>\n\t<meta property=\"og:image:width\" content=\"361\" \/>\n\t<meta property=\"og:image:height\" content=\"370\" \/>\n\t<meta property=\"og:image:type\" content=\"image\/webp\" \/>\n<meta name=\"twitter:card\" content=\"summary_large_image\" \/>\n<meta name=\"twitter:label1\" content=\"Dur\u00e9e de lecture estim\u00e9e\" \/>\n\t<meta name=\"twitter:data1\" content=\"2 minutes\" \/>\n<script type=\"application\/ld+json\" class=\"yoast-schema-graph\">{\"@context\":\"https:\/\/schema.org\",\"@graph\":[{\"@type\":\"WebPage\",\"@id\":\"https:\/\/trevicollectionhotel.com\/fr\/hotel\/\",\"url\":\"https:\/\/trevicollectionhotel.com\/fr\/hotel\/\",\"name\":\"Chambres et Services | Trevi Collection Hotel Rome\",\"isPartOf\":{\"@id\":\"https:\/\/trevicollectionhotel.com\/fr\/#website\"},\"primaryImageOfPage\":{\"@id\":\"https:\/\/trevicollectionhotel.com\/fr\/hotel\/#primaryimage\"},\"image\":{\"@id\":\"https:\/\/trevicollectionhotel.com\/fr\/hotel\/#primaryimage\"},\"thumbnailUrl\":\"https:\/\/trevicollectionhotel.com\/wp-content\/uploads\/2025\/05\/favicon.webp\",\"datePublished\":\"2025-06-19T13:28:11+00:00\",\"dateModified\":\"2025-11-25T14:38:23+00:00\",\"description\":\"Le Trevi Collection Hotel propose des chambres \u00e9l\u00e9gantes et confortables au c\u0153ur de Rome, \u00e0 deux pas de la Fontaine de Trevi.\",\"breadcrumb\":{\"@id\":\"https:\/\/trevicollectionhotel.com\/fr\/hotel\/#breadcrumb\"},\"inLanguage\":\"fr-FR\",\"potentialAction\":[{\"@type\":\"ReadAction\",\"target\":[\"https:\/\/trevicollectionhotel.com\/fr\/hotel\/\"]}]},{\"@type\":\"ImageObject\",\"inLanguage\":\"fr-FR\",\"@id\":\"https:\/\/trevicollectionhotel.com\/fr\/hotel\/#primaryimage\",\"url\":\"https:\/\/trevicollectionhotel.com\/wp-content\/uploads\/2025\/05\/favicon.webp\",\"contentUrl\":\"https:\/\/trevicollectionhotel.com\/wp-content\/uploads\/2025\/05\/favicon.webp\",\"width\":361,\"height\":370},{\"@type\":\"BreadcrumbList\",\"@id\":\"https:\/\/trevicollectionhotel.com\/fr\/hotel\/#breadcrumb\",\"itemListElement\":[{\"@type\":\"ListItem\",\"position\":1,\"name\":\"Home\",\"item\":\"https:\/\/trevicollectionhotel.com\/fr\/home\/\"},{\"@type\":\"ListItem\",\"position\":2,\"name\":\"H\u00f4tels\"}]},{\"@type\":\"WebSite\",\"@id\":\"https:\/\/trevicollectionhotel.com\/fr\/#website\",\"url\":\"https:\/\/trevicollectionhotel.com\/fr\/\",\"name\":\"Trevi Collection Hotel a Roma\",\"description\":\"\",\"publisher\":{\"@id\":\"https:\/\/trevicollectionhotel.com\/fr\/#organization\"},\"potentialAction\":[{\"@type\":\"SearchAction\",\"target\":{\"@type\":\"EntryPoint\",\"urlTemplate\":\"https:\/\/trevicollectionhotel.com\/fr\/?s={search_term_string}\"},\"query-input\":{\"@type\":\"PropertyValueSpecification\",\"valueRequired\":true,\"valueName\":\"search_term_string\"}}],\"inLanguage\":\"fr-FR\"},{\"@type\":\"Organization\",\"@id\":\"https:\/\/trevicollectionhotel.com\/fr\/#organization\",\"name\":\"Trevi Collection Hotel a Roma\",\"url\":\"https:\/\/trevicollectionhotel.com\/fr\/\",\"logo\":{\"@type\":\"ImageObject\",\"inLanguage\":\"fr-FR\",\"@id\":\"https:\/\/trevicollectionhotel.com\/fr\/#\/schema\/logo\/image\/\",\"url\":\"https:\/\/trevicollectionhotel.com\/wp-content\/uploads\/2021\/10\/logo-gruppo-trevi-_black.webp\",\"contentUrl\":\"https:\/\/trevicollectionhotel.com\/wp-content\/uploads\/2021\/10\/logo-gruppo-trevi-_black.webp\",\"width\":105,\"height\":78,\"caption\":\"Trevi Collection Hotel a Roma\"},\"image\":{\"@id\":\"https:\/\/trevicollectionhotel.com\/fr\/#\/schema\/logo\/image\/\"},\"sameAs\":[\"https:\/\/www.facebook.com\/profile.php?id=61576998643266#\",\"https:\/\/www.instagram.com\/trevicollectionhotel?igsh=MWR2ZTM2azFqM2g1eQ&utm_source=qr\"]}]}<\/script>\n<!-- \/ Yoast SEO plugin. -->","yoast_head_json":{"title":"Chambres et Services | Trevi Collection Hotel Rome","description":"Le Trevi Collection Hotel propose des chambres \u00e9l\u00e9gantes et confortables au c\u0153ur de Rome, \u00e0 deux pas de la Fontaine de Trevi.","robots":{"index":"index","follow":"follow","max-snippet":"max-snippet:-1","max-image-preview":"max-image-preview:large","max-video-preview":"max-video-preview:-1"},"canonical":"https:\/\/trevicollectionhotel.com\/fr\/hotel\/","og_locale":"fr_FR","og_type":"article","og_title":"Chambres et Services | Trevi Collection Hotel Rome","og_description":"Le Trevi Collection Hotel propose des chambres \u00e9l\u00e9gantes et confortables au c\u0153ur de Rome, \u00e0 deux pas de la Fontaine de Trevi.","og_url":"https:\/\/trevicollectionhotel.com\/fr\/hotel\/","og_site_name":"Trevi Collection Hotel a Roma","article_publisher":"https:\/\/www.facebook.com\/profile.php?id=61576998643266#","article_modified_time":"2025-11-25T14:38:23+00:00","og_image":[{"width":361,"height":370,"url":"https:\/\/trevicollectionhotel.com\/wp-content\/uploads\/2025\/05\/favicon.webp","type":"image\/webp"}],"twitter_card":"summary_large_image","twitter_misc":{"Dur\u00e9e de lecture estim\u00e9e":"2 minutes"},"schema":{"@context":"https:\/\/schema.org","@graph":[{"@type":"WebPage","@id":"https:\/\/trevicollectionhotel.com\/fr\/hotel\/","url":"https:\/\/trevicollectionhotel.com\/fr\/hotel\/","name":"Chambres et Services | Trevi Collection Hotel Rome","isPartOf":{"@id":"https:\/\/trevicollectionhotel.com\/fr\/#website"},"primaryImageOfPage":{"@id":"https:\/\/trevicollectionhotel.com\/fr\/hotel\/#primaryimage"},"image":{"@id":"https:\/\/trevicollectionhotel.com\/fr\/hotel\/#primaryimage"},"thumbnailUrl":"https:\/\/trevicollectionhotel.com\/wp-content\/uploads\/2025\/05\/favicon.webp","datePublished":"2025-06-19T13:28:11+00:00","dateModified":"2025-11-25T14:38:23+00:00","description":"Le Trevi Collection Hotel propose des chambres \u00e9l\u00e9gantes et confortables au c\u0153ur de Rome, \u00e0 deux pas de la Fontaine de Trevi.","breadcrumb":{"@id":"https:\/\/trevicollectionhotel.com\/fr\/hotel\/#breadcrumb"},"inLanguage":"fr-FR","potentialAction":[{"@type":"ReadAction","target":["https:\/\/trevicollectionhotel.com\/fr\/hotel\/"]}]},{"@type":"ImageObject","inLanguage":"fr-FR","@id":"https:\/\/trevicollectionhotel.com\/fr\/hotel\/#primaryimage","url":"https:\/\/trevicollectionhotel.com\/wp-content\/uploads\/2025\/05\/favicon.webp","contentUrl":"https:\/\/trevicollectionhotel.com\/wp-content\/uploads\/2025\/05\/favicon.webp","width":361,"height":370},{"@type":"BreadcrumbList","@id":"https:\/\/trevicollectionhotel.com\/fr\/hotel\/#breadcrumb","itemListElement":[{"@type":"ListItem","position":1,"name":"Home","item":"https:\/\/trevicollectionhotel.com\/fr\/home\/"},{"@type":"ListItem","position":2,"name":"H\u00f4tels"}]},{"@type":"WebSite","@id":"https:\/\/trevicollectionhotel.com\/fr\/#website","url":"https:\/\/trevicollectionhotel.com\/fr\/","name":"Trevi Collection Hotel a Roma","description":"","publisher":{"@id":"https:\/\/trevicollectionhotel.com\/fr\/#organization"},"potentialAction":[{"@type":"SearchAction","target":{"@type":"EntryPoint","urlTemplate":"https:\/\/trevicollectionhotel.com\/fr\/?s={search_term_string}"},"query-input":{"@type":"PropertyValueSpecification","valueRequired":true,"valueName":"search_term_string"}}],"inLanguage":"fr-FR"},{"@type":"Organization","@id":"https:\/\/trevicollectionhotel.com\/fr\/#organization","name":"Trevi Collection Hotel a Roma","url":"https:\/\/trevicollectionhotel.com\/fr\/","logo":{"@type":"ImageObject","inLanguage":"fr-FR","@id":"https:\/\/trevicollectionhotel.com\/fr\/#\/schema\/logo\/image\/","url":"https:\/\/trevicollectionhotel.com\/wp-content\/uploads\/2021\/10\/logo-gruppo-trevi-_black.webp","contentUrl":"https:\/\/trevicollectionhotel.com\/wp-content\/uploads\/2021\/10\/logo-gruppo-trevi-_black.webp","width":105,"height":78,"caption":"Trevi Collection Hotel a Roma"},"image":{"@id":"https:\/\/trevicollectionhotel.com\/fr\/#\/schema\/logo\/image\/"},"sameAs":["https:\/\/www.facebook.com\/profile.php?id=61576998643266#","https:\/\/www.instagram.com\/trevicollectionhotel?igsh=MWR2ZTM2azFqM2g1eQ&utm_source=qr"]}]}},"jetpack_sharing_enabled":true,"_links":{"self":[{"href":"https:\/\/trevicollectionhotel.com\/fr\/wp-json\/wp\/v2\/pages\/2324","targetHints":{"allow":["GET"]}}],"collection":[{"href":"https:\/\/trevicollectionhotel.com\/fr\/wp-json\/wp\/v2\/pages"}],"about":[{"href":"https:\/\/trevicollectionhotel.com\/fr\/wp-json\/wp\/v2\/types\/page"}],"author":[{"embeddable":true,"href":"https:\/\/trevicollectionhotel.com\/fr\/wp-json\/wp\/v2\/users\/1"}],"replies":[{"embeddable":true,"href":"https:\/\/trevicollectionhotel.com\/fr\/wp-json\/wp\/v2\/comments?post=2324"}],"version-history":[{"count":3,"href":"https:\/\/trevicollectionhotel.com\/fr\/wp-json\/wp\/v2\/pages\/2324\/revisions"}],"predecessor-version":[{"id":2628,"href":"https:\/\/trevicollectionhotel.com\/fr\/wp-json\/wp\/v2\/pages\/2324\/revisions\/2628"}],"wp:featuredmedia":[{"embeddable":true,"href":"https:\/\/trevicollectionhotel.com\/fr\/wp-json\/wp\/v2\/media\/1818"}],"wp:attachment":[{"href":"https:\/\/trevicollectionhotel.com\/fr\/wp-json\/wp\/v2\/media?parent=2324"}],"curies":[{"name":"wp","href":"https:\/\/api.w.org\/{rel}","templated":true}]}}