{"id":2328,"date":"2025-06-19T13:28:11","date_gmt":"2025-06-19T13:28:11","guid":{"rendered":"https:\/\/trevicollectionhotel.com\/hoteles\/"},"modified":"2025-11-25T15:20:46","modified_gmt":"2025-11-25T15:20:46","slug":"hotel","status":"publish","type":"page","link":"https:\/\/trevicollectionhotel.com\/es\/hotel\/","title":{"rendered":"Hoteles"},"content":{"rendered":"\t\t<div data-elementor-type=\"wp-page\" data-elementor-id=\"2328\" class=\"elementor elementor-2328 elementor-1096\" data-elementor-post-type=\"page\">\n\t\t\t\t\t\t<section class=\"elementor-section elementor-top-section elementor-element elementor-element-6f224e2 elementor-section-height-min-height elementor-section-boxed elementor-section-height-default elementor-section-items-middle\" data-id=\"6f224e2\" data-element_type=\"section\" data-e-type=\"section\" data-settings=\"{&quot;background_background&quot;:&quot;classic&quot;}\">\n\t\t\t\t\t\t<div class=\"elementor-container elementor-column-gap-default\">\n\t\t\t\t\t<div class=\"elementor-column elementor-col-100 elementor-top-column elementor-element elementor-element-c2b85b0\" data-id=\"c2b85b0\" data-element_type=\"column\" data-e-type=\"column\">\n\t\t\t<div class=\"elementor-widget-wrap\">\n\t\t\t\t\t\t\t<\/div>\n\t\t<\/div>\n\t\t\t\t\t<\/div>\n\t\t<\/section>\n\t\t\t\t<section class=\"elementor-section elementor-top-section elementor-element elementor-element-aa089c9 elementor-section-boxed elementor-section-height-default elementor-section-height-default\" data-id=\"aa089c9\" data-element_type=\"section\" data-e-type=\"section\" data-settings=\"{&quot;background_background&quot;:&quot;classic&quot;}\">\n\t\t\t\t\t\t<div class=\"elementor-container elementor-column-gap-default\">\n\t\t\t\t\t<div class=\"elementor-column elementor-col-100 elementor-top-column elementor-element elementor-element-29152d3\" data-id=\"29152d3\" data-element_type=\"column\" data-e-type=\"column\">\n\t\t\t<div class=\"elementor-widget-wrap elementor-element-populated\">\n\t\t\t\t\t\t<div class=\"elementor-element elementor-element-956e924 elementor-widget__width-auto elementor-hidden-tablet elementor-hidden-mobile elementor-widget-divider--view-line elementor-widget elementor-widget-divider\" data-id=\"956e924\" data-element_type=\"widget\" data-e-type=\"widget\" data-widget_type=\"divider.default\">\n\t\t\t\t<div class=\"elementor-widget-container\">\n\t\t\t\t\t\t\t<div class=\"elementor-divider\">\n\t\t\t<span class=\"elementor-divider-separator\">\n\t\t\t\t\t\t<\/span>\n\t\t<\/div>\n\t\t\t\t\t\t<\/div>\n\t\t\t\t<\/div>\n\t\t\t\t<div class=\"elementor-element elementor-element-0ad63e2 elementor-widget__width-auto elementor-widget elementor-widget-heading\" data-id=\"0ad63e2\" data-element_type=\"widget\" data-e-type=\"widget\" data-widget_type=\"heading.default\">\n\t\t\t\t<div class=\"elementor-widget-container\">\n\t\t\t\t\t<h1 class=\"elementor-heading-title elementor-size-default\">Trevi Collection Hotel<\/h1>\t\t\t\t<\/div>\n\t\t\t\t<\/div>\n\t\t\t\t\t<\/div>\n\t\t<\/div>\n\t\t\t\t\t<\/div>\n\t\t<\/section>\n\t\t\t\t<section class=\"elementor-section elementor-top-section elementor-element elementor-element-20ccd7b elementor-section-content-middle elementor-section-boxed elementor-section-height-default elementor-section-height-default\" data-id=\"20ccd7b\" data-element_type=\"section\" data-e-type=\"section\" data-settings=\"{&quot;background_background&quot;:&quot;classic&quot;}\">\n\t\t\t\t\t\t<div class=\"elementor-container elementor-column-gap-no\">\n\t\t\t\t\t<div class=\"elementor-column elementor-col-50 elementor-top-column elementor-element elementor-element-ccc226d\" data-id=\"ccc226d\" data-element_type=\"column\" data-e-type=\"column\">\n\t\t\t<div class=\"elementor-widget-wrap elementor-element-populated\">\n\t\t\t\t\t\t<div class=\"elementor-element elementor-element-d184c51 elementor-widget elementor-widget-heading\" data-id=\"d184c51\" data-element_type=\"widget\" data-e-type=\"widget\" data-widget_type=\"heading.default\">\n\t\t\t\t<div class=\"elementor-widget-container\">\n\t\t\t\t\t<h4 class=\"elementor-heading-title elementor-size-default\">Una estancia en el aut\u00e9ntico coraz\u00f3n de Roma<\/h4>\t\t\t\t<\/div>\n\t\t\t\t<\/div>\n\t\t\t\t<div class=\"elementor-element elementor-element-321079d elementor-widget elementor-widget-text-editor\" data-id=\"321079d\" data-element_type=\"widget\" data-e-type=\"widget\" data-widget_type=\"text-editor.default\">\n\t\t\t\t<div class=\"elementor-widget-container\">\n\t\t\t\t\t\t\t\t\t<p data-start=\"206\" data-end=\"250\">Entre la evocadora <strong data-start=\"270\" data-end=\"290\">Plaza de Espa\u00f1a<\/strong> y la <strong data-start=\"303\" data-end=\"323\">ic\u00f3nica Fuente de Trevi<\/strong>, el <strong>Trevi Collection Hotel<\/strong> le da la bienvenida a una ubicaci\u00f3n \u00fanica, <strong data-start=\"398\" data-end=\"430\">donde la belleza atemporal de Roma<\/strong> se combina con el <strong data-start=\"443\" data-end=\"461\">dise\u00f1o moderno <\/strong>y la elegancia contempor\u00e1nea.<\/p><p data-start=\"491\" data-end=\"774\">Nuestras habitaciones, meticulosamente mantenidas, ofrecen comodidad y estilo en un ambiente relajante y refinado, perfecto para recargar energ\u00edas tras un d\u00eda explorando el arte, las compras y la cultura. Tanto si visita Roma por negocios como por placer, aqu\u00ed encontrar\u00e1 el equilibrio perfecto entre funcionalidad y encanto.<\/p><p data-start=\"776\" data-end=\"905\">El Hotel Trevi Collection es mucho m\u00e1s que un hotel: es <strong data-start=\"838\" data-end=\"865\">una experiencia para vivir <\/strong>en el coraz\u00f3n palpitante de la Ciudad Eterna.<\/p><p data-start=\"907\" data-end=\"1041\">Estamos listos para darle la bienvenida con nuestra habitual <strong data-start=\"958\" data-end=\"981\">hospitalidad italiana<\/strong>, para hacer de cada estad\u00eda <strong data-start=\"1010\" data-end=\"1040\">un recuerdo inolvidable<\/strong>.<\/p>\t\t\t\t\t\t\t\t<\/div>\n\t\t\t\t<\/div>\n\t\t\t\t\t<\/div>\n\t\t<\/div>\n\t\t\t\t<div class=\"elementor-column elementor-col-50 elementor-top-column elementor-element elementor-element-f1bb709\" data-id=\"f1bb709\" data-element_type=\"column\" data-e-type=\"column\">\n\t\t\t<div class=\"elementor-widget-wrap elementor-element-populated\">\n\t\t\t\t\t\t<section class=\"elementor-section elementor-inner-section elementor-element elementor-element-cfc34fe elementor-section-full_width elementor-section-height-default elementor-section-height-default\" data-id=\"cfc34fe\" data-element_type=\"section\" data-e-type=\"section\">\n\t\t\t\t\t\t<div class=\"elementor-container elementor-column-gap-narrow\">\n\t\t\t\t\t<div class=\"elementor-column elementor-col-50 elementor-inner-column elementor-element elementor-element-13744d9\" data-id=\"13744d9\" data-element_type=\"column\" data-e-type=\"column\">\n\t\t\t<div class=\"elementor-widget-wrap elementor-element-populated\">\n\t\t\t\t\t\t<div class=\"elementor-element elementor-element-6682d4b elementor-widget elementor-widget-image\" data-id=\"6682d4b\" data-element_type=\"widget\" data-e-type=\"widget\" data-widget_type=\"image.default\">\n\t\t\t\t<div class=\"elementor-widget-container\">\n\t\t\t\t\t\t\t\t\t\t\t\t\t\t\t<img loading=\"lazy\" decoding=\"async\" width=\"605\" height=\"605\" src=\"https:\/\/trevicollectionhotel.com\/wp-content\/uploads\/2021\/10\/Juniorsuite-605x605.webp\" class=\"attachment-th_img_md_square size-th_img_md_square wp-image-1747\" alt=\"\" srcset=\"https:\/\/trevicollectionhotel.com\/wp-content\/uploads\/2021\/10\/Juniorsuite-605x605.webp 605w, https:\/\/trevicollectionhotel.com\/wp-content\/uploads\/2021\/10\/Juniorsuite-300x300.webp 300w, https:\/\/trevicollectionhotel.com\/wp-content\/uploads\/2021\/10\/Juniorsuite-150x150.webp 150w, https:\/\/trevicollectionhotel.com\/wp-content\/uploads\/2021\/10\/Juniorsuite-768x768.webp 768w, https:\/\/trevicollectionhotel.com\/wp-content\/uploads\/2021\/10\/Juniorsuite-80x80.webp 80w, https:\/\/trevicollectionhotel.com\/wp-content\/uploads\/2021\/10\/Juniorsuite-394x394.webp 394w, https:\/\/trevicollectionhotel.com\/wp-content\/uploads\/2021\/10\/Juniorsuite-303x303.webp 303w, https:\/\/trevicollectionhotel.com\/wp-content\/uploads\/2021\/10\/Juniorsuite-700x700.webp 700w, https:\/\/trevicollectionhotel.com\/wp-content\/uploads\/2021\/10\/Juniorsuite-950x950.webp 950w, https:\/\/trevicollectionhotel.com\/wp-content\/uploads\/2021\/10\/Juniorsuite-100x100.webp 100w, https:\/\/trevicollectionhotel.com\/wp-content\/uploads\/2021\/10\/Juniorsuite.webp 1020w\" sizes=\"auto, (max-width: 605px) 100vw, 605px\" \/>\t\t\t\t\t\t\t\t\t\t\t\t\t\t\t<\/div>\n\t\t\t\t<\/div>\n\t\t\t\t\t<\/div>\n\t\t<\/div>\n\t\t\t\t<div class=\"elementor-column elementor-col-50 elementor-inner-column elementor-element elementor-element-1df6dee\" data-id=\"1df6dee\" data-element_type=\"column\" data-e-type=\"column\">\n\t\t\t<div class=\"elementor-widget-wrap elementor-element-populated\">\n\t\t\t\t\t\t<div class=\"elementor-element elementor-element-a1a46e9 elementor-widget elementor-widget-image\" data-id=\"a1a46e9\" data-element_type=\"widget\" data-e-type=\"widget\" data-widget_type=\"image.default\">\n\t\t\t\t<div class=\"elementor-widget-container\">\n\t\t\t\t\t\t\t\t\t\t\t\t\t\t\t<img loading=\"lazy\" decoding=\"async\" width=\"605\" height=\"605\" src=\"https:\/\/trevicollectionhotel.com\/wp-content\/uploads\/2021\/10\/Suite-Valentine_gallery1-605x605.webp\" class=\"attachment-th_img_md_square size-th_img_md_square wp-image-1750\" alt=\"\" srcset=\"https:\/\/trevicollectionhotel.com\/wp-content\/uploads\/2021\/10\/Suite-Valentine_gallery1-605x605.webp 605w, https:\/\/trevicollectionhotel.com\/wp-content\/uploads\/2021\/10\/Suite-Valentine_gallery1-300x300.webp 300w, https:\/\/trevicollectionhotel.com\/wp-content\/uploads\/2021\/10\/Suite-Valentine_gallery1-1024x1024.webp 1024w, https:\/\/trevicollectionhotel.com\/wp-content\/uploads\/2021\/10\/Suite-Valentine_gallery1-150x150.webp 150w, https:\/\/trevicollectionhotel.com\/wp-content\/uploads\/2021\/10\/Suite-Valentine_gallery1-768x768.webp 768w, https:\/\/trevicollectionhotel.com\/wp-content\/uploads\/2021\/10\/Suite-Valentine_gallery1-80x80.webp 80w, https:\/\/trevicollectionhotel.com\/wp-content\/uploads\/2021\/10\/Suite-Valentine_gallery1-394x394.webp 394w, https:\/\/trevicollectionhotel.com\/wp-content\/uploads\/2021\/10\/Suite-Valentine_gallery1-303x303.webp 303w, https:\/\/trevicollectionhotel.com\/wp-content\/uploads\/2021\/10\/Suite-Valentine_gallery1-700x700.webp 700w, https:\/\/trevicollectionhotel.com\/wp-content\/uploads\/2021\/10\/Suite-Valentine_gallery1-950x950.webp 950w, https:\/\/trevicollectionhotel.com\/wp-content\/uploads\/2021\/10\/Suite-Valentine_gallery1-1080x1080.webp 1080w, https:\/\/trevicollectionhotel.com\/wp-content\/uploads\/2021\/10\/Suite-Valentine_gallery1-100x100.webp 100w, https:\/\/trevicollectionhotel.com\/wp-content\/uploads\/2021\/10\/Suite-Valentine_gallery1.webp 1280w\" sizes=\"auto, (max-width: 605px) 100vw, 605px\" \/>\t\t\t\t\t\t\t\t\t\t\t\t\t\t\t<\/div>\n\t\t\t\t<\/div>\n\t\t\t\t\t<\/div>\n\t\t<\/div>\n\t\t\t\t\t<\/div>\n\t\t<\/section>\n\t\t\t\t<section class=\"elementor-section elementor-inner-section elementor-element elementor-element-119c3a0 elementor-section-full_width elementor-section-height-default elementor-section-height-default\" data-id=\"119c3a0\" data-element_type=\"section\" data-e-type=\"section\">\n\t\t\t\t\t\t<div class=\"elementor-container elementor-column-gap-narrow\">\n\t\t\t\t\t<div class=\"elementor-column elementor-col-50 elementor-inner-column elementor-element elementor-element-08017b9\" data-id=\"08017b9\" data-element_type=\"column\" data-e-type=\"column\">\n\t\t\t<div class=\"elementor-widget-wrap elementor-element-populated\">\n\t\t\t\t\t\t<div class=\"elementor-element elementor-element-dcbb115 elementor-widget elementor-widget-image\" data-id=\"dcbb115\" data-element_type=\"widget\" data-e-type=\"widget\" data-widget_type=\"image.default\">\n\t\t\t\t<div class=\"elementor-widget-container\">\n\t\t\t\t\t\t\t\t\t\t\t\t\t\t\t<img loading=\"lazy\" decoding=\"async\" width=\"605\" height=\"605\" src=\"https:\/\/trevicollectionhotel.com\/wp-content\/uploads\/2021\/10\/Suite_gallery-605x605.webp\" class=\"attachment-th_img_md_square size-th_img_md_square wp-image-1753\" alt=\"\" srcset=\"https:\/\/trevicollectionhotel.com\/wp-content\/uploads\/2021\/10\/Suite_gallery-605x605.webp 605w, https:\/\/trevicollectionhotel.com\/wp-content\/uploads\/2021\/10\/Suite_gallery-300x300.webp 300w, https:\/\/trevicollectionhotel.com\/wp-content\/uploads\/2021\/10\/Suite_gallery-150x150.webp 150w, https:\/\/trevicollectionhotel.com\/wp-content\/uploads\/2021\/10\/Suite_gallery-768x768.webp 768w, https:\/\/trevicollectionhotel.com\/wp-content\/uploads\/2021\/10\/Suite_gallery-80x80.webp 80w, https:\/\/trevicollectionhotel.com\/wp-content\/uploads\/2021\/10\/Suite_gallery-394x394.webp 394w, https:\/\/trevicollectionhotel.com\/wp-content\/uploads\/2021\/10\/Suite_gallery-303x303.webp 303w, https:\/\/trevicollectionhotel.com\/wp-content\/uploads\/2021\/10\/Suite_gallery-700x700.webp 700w, https:\/\/trevicollectionhotel.com\/wp-content\/uploads\/2021\/10\/Suite_gallery-950x950.webp 950w, https:\/\/trevicollectionhotel.com\/wp-content\/uploads\/2021\/10\/Suite_gallery-100x100.webp 100w, https:\/\/trevicollectionhotel.com\/wp-content\/uploads\/2021\/10\/Suite_gallery.webp 1020w\" sizes=\"auto, (max-width: 605px) 100vw, 605px\" \/>\t\t\t\t\t\t\t\t\t\t\t\t\t\t\t<\/div>\n\t\t\t\t<\/div>\n\t\t\t\t\t<\/div>\n\t\t<\/div>\n\t\t\t\t<div class=\"elementor-column elementor-col-50 elementor-inner-column elementor-element elementor-element-c6446f5\" data-id=\"c6446f5\" data-element_type=\"column\" data-e-type=\"column\">\n\t\t\t<div class=\"elementor-widget-wrap elementor-element-populated\">\n\t\t\t\t\t\t<div class=\"elementor-element elementor-element-9dbf8f7 elementor-widget elementor-widget-image\" data-id=\"9dbf8f7\" data-element_type=\"widget\" data-e-type=\"widget\" data-widget_type=\"image.default\">\n\t\t\t\t<div class=\"elementor-widget-container\">\n\t\t\t\t\t\t\t\t\t\t\t\t\t\t\t<img loading=\"lazy\" decoding=\"async\" width=\"605\" height=\"605\" src=\"https:\/\/trevicollectionhotel.com\/wp-content\/uploads\/2021\/10\/Suite_gallery-605x605.webp\" class=\"attachment-th_img_md_square size-th_img_md_square wp-image-1753\" alt=\"\" srcset=\"https:\/\/trevicollectionhotel.com\/wp-content\/uploads\/2021\/10\/Suite_gallery-605x605.webp 605w, https:\/\/trevicollectionhotel.com\/wp-content\/uploads\/2021\/10\/Suite_gallery-300x300.webp 300w, https:\/\/trevicollectionhotel.com\/wp-content\/uploads\/2021\/10\/Suite_gallery-150x150.webp 150w, https:\/\/trevicollectionhotel.com\/wp-content\/uploads\/2021\/10\/Suite_gallery-768x768.webp 768w, https:\/\/trevicollectionhotel.com\/wp-content\/uploads\/2021\/10\/Suite_gallery-80x80.webp 80w, https:\/\/trevicollectionhotel.com\/wp-content\/uploads\/2021\/10\/Suite_gallery-394x394.webp 394w, https:\/\/trevicollectionhotel.com\/wp-content\/uploads\/2021\/10\/Suite_gallery-303x303.webp 303w, https:\/\/trevicollectionhotel.com\/wp-content\/uploads\/2021\/10\/Suite_gallery-700x700.webp 700w, https:\/\/trevicollectionhotel.com\/wp-content\/uploads\/2021\/10\/Suite_gallery-950x950.webp 950w, https:\/\/trevicollectionhotel.com\/wp-content\/uploads\/2021\/10\/Suite_gallery-100x100.webp 100w, https:\/\/trevicollectionhotel.com\/wp-content\/uploads\/2021\/10\/Suite_gallery.webp 1020w\" sizes=\"auto, (max-width: 605px) 100vw, 605px\" \/>\t\t\t\t\t\t\t\t\t\t\t\t\t\t\t<\/div>\n\t\t\t\t<\/div>\n\t\t\t\t\t<\/div>\n\t\t<\/div>\n\t\t\t\t\t<\/div>\n\t\t<\/section>\n\t\t\t\t\t<\/div>\n\t\t<\/div>\n\t\t\t\t\t<\/div>\n\t\t<\/section>\n\t\t\t\t<\/div>\n\t\t","protected":false},"excerpt":{"rendered":"<p>Trevi Collection Hotel Una estancia en el aut\u00e9ntico coraz\u00f3n de Roma Entre la evocadora Plaza de Espa\u00f1a y la ic\u00f3nica Fuente de Trevi, el Trevi Collection Hotel le da la bienvenida a una ubicaci\u00f3n \u00fanica, donde la belleza atemporal de &hellip; <a href=\"https:\/\/trevicollectionhotel.com\/es\/hotel\/\">Read More<\/a><\/p>\n","protected":false},"author":1,"featured_media":1819,"parent":0,"menu_order":0,"comment_status":"closed","ping_status":"closed","template":"","meta":{"footnotes":""},"class_list":["post-2328","page","type-page","status-publish","has-post-thumbnail","hentry"],"yoast_head":"<!-- This site is optimized with the Yoast SEO plugin v26.9 - https:\/\/yoast.com\/product\/yoast-seo-wordpress\/ -->\n<title>Habitaciones elegantes y confortables | Trevi Collection Hotel<\/title>\n<meta name=\"description\" content=\"Nuestras habitaciones espaciosas y elegantemente decoradas ofrecen todas las comodidades para una estancia inolvidable en Roma.\" \/>\n<meta name=\"robots\" content=\"index, follow, max-snippet:-1, max-image-preview:large, max-video-preview:-1\" \/>\n<link rel=\"canonical\" href=\"https:\/\/trevicollectionhotel.com\/es\/hotel\/\" \/>\n<meta property=\"og:locale\" content=\"es_ES\" \/>\n<meta property=\"og:type\" content=\"article\" \/>\n<meta property=\"og:title\" content=\"Habitaciones elegantes y confortables | Trevi Collection Hotel\" \/>\n<meta property=\"og:description\" content=\"Nuestras habitaciones espaciosas y elegantemente decoradas ofrecen todas las comodidades para una estancia inolvidable en Roma.\" \/>\n<meta property=\"og:url\" content=\"https:\/\/trevicollectionhotel.com\/es\/hotel\/\" \/>\n<meta property=\"og:site_name\" content=\"Trevi Collection Hotel a Roma\" \/>\n<meta property=\"article:publisher\" content=\"https:\/\/www.facebook.com\/profile.php?id=61576998643266#\" \/>\n<meta property=\"article:modified_time\" content=\"2025-11-25T15:20:46+00:00\" \/>\n<meta property=\"og:image\" content=\"https:\/\/trevicollectionhotel.com\/wp-content\/uploads\/2025\/05\/favicon.webp\" \/>\n\t<meta property=\"og:image:width\" content=\"361\" \/>\n\t<meta property=\"og:image:height\" content=\"370\" \/>\n\t<meta property=\"og:image:type\" content=\"image\/webp\" \/>\n<meta name=\"twitter:card\" content=\"summary_large_image\" \/>\n<meta name=\"twitter:label1\" content=\"Tiempo de lectura\" \/>\n\t<meta name=\"twitter:data1\" content=\"2 minutos\" \/>\n<script type=\"application\/ld+json\" class=\"yoast-schema-graph\">{\"@context\":\"https:\/\/schema.org\",\"@graph\":[{\"@type\":\"WebPage\",\"@id\":\"https:\/\/trevicollectionhotel.com\/es\/hotel\/\",\"url\":\"https:\/\/trevicollectionhotel.com\/es\/hotel\/\",\"name\":\"Habitaciones elegantes y confortables | Trevi Collection Hotel\",\"isPartOf\":{\"@id\":\"https:\/\/trevicollectionhotel.com\/es\/#website\"},\"primaryImageOfPage\":{\"@id\":\"https:\/\/trevicollectionhotel.com\/es\/hotel\/#primaryimage\"},\"image\":{\"@id\":\"https:\/\/trevicollectionhotel.com\/es\/hotel\/#primaryimage\"},\"thumbnailUrl\":\"https:\/\/trevicollectionhotel.com\/wp-content\/uploads\/2025\/05\/favicon.webp\",\"datePublished\":\"2025-06-19T13:28:11+00:00\",\"dateModified\":\"2025-11-25T15:20:46+00:00\",\"description\":\"Nuestras habitaciones espaciosas y elegantemente decoradas ofrecen todas las comodidades para una estancia inolvidable en Roma.\",\"breadcrumb\":{\"@id\":\"https:\/\/trevicollectionhotel.com\/es\/hotel\/#breadcrumb\"},\"inLanguage\":\"es\",\"potentialAction\":[{\"@type\":\"ReadAction\",\"target\":[\"https:\/\/trevicollectionhotel.com\/es\/hotel\/\"]}]},{\"@type\":\"ImageObject\",\"inLanguage\":\"es\",\"@id\":\"https:\/\/trevicollectionhotel.com\/es\/hotel\/#primaryimage\",\"url\":\"https:\/\/trevicollectionhotel.com\/wp-content\/uploads\/2025\/05\/favicon.webp\",\"contentUrl\":\"https:\/\/trevicollectionhotel.com\/wp-content\/uploads\/2025\/05\/favicon.webp\",\"width\":361,\"height\":370},{\"@type\":\"BreadcrumbList\",\"@id\":\"https:\/\/trevicollectionhotel.com\/es\/hotel\/#breadcrumb\",\"itemListElement\":[{\"@type\":\"ListItem\",\"position\":1,\"name\":\"Home\",\"item\":\"https:\/\/trevicollectionhotel.com\/es\/home\/\"},{\"@type\":\"ListItem\",\"position\":2,\"name\":\"Hoteles\"}]},{\"@type\":\"WebSite\",\"@id\":\"https:\/\/trevicollectionhotel.com\/es\/#website\",\"url\":\"https:\/\/trevicollectionhotel.com\/es\/\",\"name\":\"Trevi Collection Hotel a Roma\",\"description\":\"\",\"publisher\":{\"@id\":\"https:\/\/trevicollectionhotel.com\/es\/#organization\"},\"potentialAction\":[{\"@type\":\"SearchAction\",\"target\":{\"@type\":\"EntryPoint\",\"urlTemplate\":\"https:\/\/trevicollectionhotel.com\/es\/?s={search_term_string}\"},\"query-input\":{\"@type\":\"PropertyValueSpecification\",\"valueRequired\":true,\"valueName\":\"search_term_string\"}}],\"inLanguage\":\"es\"},{\"@type\":\"Organization\",\"@id\":\"https:\/\/trevicollectionhotel.com\/es\/#organization\",\"name\":\"Trevi Collection Hotel a Roma\",\"url\":\"https:\/\/trevicollectionhotel.com\/es\/\",\"logo\":{\"@type\":\"ImageObject\",\"inLanguage\":\"es\",\"@id\":\"https:\/\/trevicollectionhotel.com\/es\/#\/schema\/logo\/image\/\",\"url\":\"https:\/\/trevicollectionhotel.com\/wp-content\/uploads\/2021\/10\/logo-gruppo-trevi-_black.webp\",\"contentUrl\":\"https:\/\/trevicollectionhotel.com\/wp-content\/uploads\/2021\/10\/logo-gruppo-trevi-_black.webp\",\"width\":105,\"height\":78,\"caption\":\"Trevi Collection Hotel a Roma\"},\"image\":{\"@id\":\"https:\/\/trevicollectionhotel.com\/es\/#\/schema\/logo\/image\/\"},\"sameAs\":[\"https:\/\/www.facebook.com\/profile.php?id=61576998643266#\",\"https:\/\/www.instagram.com\/trevicollectionhotel?igsh=MWR2ZTM2azFqM2g1eQ&utm_source=qr\"]}]}<\/script>\n<!-- \/ Yoast SEO plugin. -->","yoast_head_json":{"title":"Habitaciones elegantes y confortables | Trevi Collection Hotel","description":"Nuestras habitaciones espaciosas y elegantemente decoradas ofrecen todas las comodidades para una estancia inolvidable en Roma.","robots":{"index":"index","follow":"follow","max-snippet":"max-snippet:-1","max-image-preview":"max-image-preview:large","max-video-preview":"max-video-preview:-1"},"canonical":"https:\/\/trevicollectionhotel.com\/es\/hotel\/","og_locale":"es_ES","og_type":"article","og_title":"Habitaciones elegantes y confortables | Trevi Collection Hotel","og_description":"Nuestras habitaciones espaciosas y elegantemente decoradas ofrecen todas las comodidades para una estancia inolvidable en Roma.","og_url":"https:\/\/trevicollectionhotel.com\/es\/hotel\/","og_site_name":"Trevi Collection Hotel a Roma","article_publisher":"https:\/\/www.facebook.com\/profile.php?id=61576998643266#","article_modified_time":"2025-11-25T15:20:46+00:00","og_image":[{"width":361,"height":370,"url":"https:\/\/trevicollectionhotel.com\/wp-content\/uploads\/2025\/05\/favicon.webp","type":"image\/webp"}],"twitter_card":"summary_large_image","twitter_misc":{"Tiempo de lectura":"2 minutos"},"schema":{"@context":"https:\/\/schema.org","@graph":[{"@type":"WebPage","@id":"https:\/\/trevicollectionhotel.com\/es\/hotel\/","url":"https:\/\/trevicollectionhotel.com\/es\/hotel\/","name":"Habitaciones elegantes y confortables | Trevi Collection Hotel","isPartOf":{"@id":"https:\/\/trevicollectionhotel.com\/es\/#website"},"primaryImageOfPage":{"@id":"https:\/\/trevicollectionhotel.com\/es\/hotel\/#primaryimage"},"image":{"@id":"https:\/\/trevicollectionhotel.com\/es\/hotel\/#primaryimage"},"thumbnailUrl":"https:\/\/trevicollectionhotel.com\/wp-content\/uploads\/2025\/05\/favicon.webp","datePublished":"2025-06-19T13:28:11+00:00","dateModified":"2025-11-25T15:20:46+00:00","description":"Nuestras habitaciones espaciosas y elegantemente decoradas ofrecen todas las comodidades para una estancia inolvidable en Roma.","breadcrumb":{"@id":"https:\/\/trevicollectionhotel.com\/es\/hotel\/#breadcrumb"},"inLanguage":"es","potentialAction":[{"@type":"ReadAction","target":["https:\/\/trevicollectionhotel.com\/es\/hotel\/"]}]},{"@type":"ImageObject","inLanguage":"es","@id":"https:\/\/trevicollectionhotel.com\/es\/hotel\/#primaryimage","url":"https:\/\/trevicollectionhotel.com\/wp-content\/uploads\/2025\/05\/favicon.webp","contentUrl":"https:\/\/trevicollectionhotel.com\/wp-content\/uploads\/2025\/05\/favicon.webp","width":361,"height":370},{"@type":"BreadcrumbList","@id":"https:\/\/trevicollectionhotel.com\/es\/hotel\/#breadcrumb","itemListElement":[{"@type":"ListItem","position":1,"name":"Home","item":"https:\/\/trevicollectionhotel.com\/es\/home\/"},{"@type":"ListItem","position":2,"name":"Hoteles"}]},{"@type":"WebSite","@id":"https:\/\/trevicollectionhotel.com\/es\/#website","url":"https:\/\/trevicollectionhotel.com\/es\/","name":"Trevi Collection Hotel a Roma","description":"","publisher":{"@id":"https:\/\/trevicollectionhotel.com\/es\/#organization"},"potentialAction":[{"@type":"SearchAction","target":{"@type":"EntryPoint","urlTemplate":"https:\/\/trevicollectionhotel.com\/es\/?s={search_term_string}"},"query-input":{"@type":"PropertyValueSpecification","valueRequired":true,"valueName":"search_term_string"}}],"inLanguage":"es"},{"@type":"Organization","@id":"https:\/\/trevicollectionhotel.com\/es\/#organization","name":"Trevi Collection Hotel a Roma","url":"https:\/\/trevicollectionhotel.com\/es\/","logo":{"@type":"ImageObject","inLanguage":"es","@id":"https:\/\/trevicollectionhotel.com\/es\/#\/schema\/logo\/image\/","url":"https:\/\/trevicollectionhotel.com\/wp-content\/uploads\/2021\/10\/logo-gruppo-trevi-_black.webp","contentUrl":"https:\/\/trevicollectionhotel.com\/wp-content\/uploads\/2021\/10\/logo-gruppo-trevi-_black.webp","width":105,"height":78,"caption":"Trevi Collection Hotel a Roma"},"image":{"@id":"https:\/\/trevicollectionhotel.com\/es\/#\/schema\/logo\/image\/"},"sameAs":["https:\/\/www.facebook.com\/profile.php?id=61576998643266#","https:\/\/www.instagram.com\/trevicollectionhotel?igsh=MWR2ZTM2azFqM2g1eQ&utm_source=qr"]}]}},"jetpack_sharing_enabled":true,"_links":{"self":[{"href":"https:\/\/trevicollectionhotel.com\/es\/wp-json\/wp\/v2\/pages\/2328","targetHints":{"allow":["GET"]}}],"collection":[{"href":"https:\/\/trevicollectionhotel.com\/es\/wp-json\/wp\/v2\/pages"}],"about":[{"href":"https:\/\/trevicollectionhotel.com\/es\/wp-json\/wp\/v2\/types\/page"}],"author":[{"embeddable":true,"href":"https:\/\/trevicollectionhotel.com\/es\/wp-json\/wp\/v2\/users\/1"}],"replies":[{"embeddable":true,"href":"https:\/\/trevicollectionhotel.com\/es\/wp-json\/wp\/v2\/comments?post=2328"}],"version-history":[{"count":6,"href":"https:\/\/trevicollectionhotel.com\/es\/wp-json\/wp\/v2\/pages\/2328\/revisions"}],"predecessor-version":[{"id":3700,"href":"https:\/\/trevicollectionhotel.com\/es\/wp-json\/wp\/v2\/pages\/2328\/revisions\/3700"}],"wp:featuredmedia":[{"embeddable":true,"href":"https:\/\/trevicollectionhotel.com\/es\/wp-json\/wp\/v2\/media\/1819"}],"wp:attachment":[{"href":"https:\/\/trevicollectionhotel.com\/es\/wp-json\/wp\/v2\/media?parent=2328"}],"curies":[{"name":"wp","href":"https:\/\/api.w.org\/{rel}","templated":true}]}}