{"id":2501,"date":"2025-06-19T13:39:47","date_gmt":"2025-06-19T13:39:47","guid":{"rendered":"https:\/\/trevicollectionhotel.com\/bar\/"},"modified":"2026-04-07T10:52:50","modified_gmt":"2026-04-07T10:52:50","slug":"bar","status":"publish","type":"page","link":"https:\/\/trevicollectionhotel.com\/de\/bar\/","title":{"rendered":"Bar"},"content":{"rendered":"\t\t<div data-elementor-type=\"wp-page\" data-elementor-id=\"2501\" class=\"elementor elementor-2501 elementor-1105\" data-elementor-post-type=\"page\">\n\t\t\t\t\t\t<section class=\"elementor-section elementor-top-section elementor-element elementor-element-0132063 elementor-section-height-min-height elementor-section-boxed elementor-section-height-default elementor-section-items-middle\" data-id=\"0132063\" data-element_type=\"section\" data-e-type=\"section\" data-settings=\"{&quot;background_background&quot;:&quot;classic&quot;}\">\n\t\t\t\t\t\t\t<div class=\"elementor-background-overlay\"><\/div>\n\t\t\t\t\t\t\t<div class=\"elementor-container elementor-column-gap-default\">\n\t\t\t\t\t<div class=\"elementor-column elementor-col-100 elementor-top-column elementor-element elementor-element-6105594\" data-id=\"6105594\" data-element_type=\"column\" data-e-type=\"column\">\n\t\t\t<div class=\"elementor-widget-wrap elementor-element-populated\">\n\t\t\t\t\t\t<div class=\"elementor-element elementor-element-8b7b36f elementor-widget__width-auto elementor-widget elementor-widget-heading\" data-id=\"8b7b36f\" data-element_type=\"widget\" data-e-type=\"widget\" data-widget_type=\"heading.default\">\n\t\t\t\t<div class=\"elementor-widget-container\">\n\t\t\t\t\t<h1 class=\"elementor-heading-title elementor-size-default\">Next Door: Bar &amp; Restaurant<\/h1>\t\t\t\t<\/div>\n\t\t\t\t<\/div>\n\t\t\t\t\t<\/div>\n\t\t<\/div>\n\t\t\t\t\t<\/div>\n\t\t<\/section>\n\t\t\t\t<section class=\"elementor-section elementor-top-section elementor-element elementor-element-6cd8bf6 elementor-section-boxed elementor-section-height-default elementor-section-height-default\" data-id=\"6cd8bf6\" data-element_type=\"section\" data-e-type=\"section\">\n\t\t\t\t\t\t<div class=\"elementor-container elementor-column-gap-default\">\n\t\t\t\t\t<div class=\"elementor-column elementor-col-100 elementor-top-column elementor-element elementor-element-ceb3135\" data-id=\"ceb3135\" data-element_type=\"column\" data-e-type=\"column\">\n\t\t\t<div class=\"elementor-widget-wrap elementor-element-populated\">\n\t\t\t\t\t\t<div class=\"elementor-element elementor-element-70c20f1 elementor-widget elementor-widget-spacer\" data-id=\"70c20f1\" data-element_type=\"widget\" data-e-type=\"widget\" data-widget_type=\"spacer.default\">\n\t\t\t\t<div class=\"elementor-widget-container\">\n\t\t\t\t\t\t\t<div class=\"elementor-spacer\">\n\t\t\t<div class=\"elementor-spacer-inner\"><\/div>\n\t\t<\/div>\n\t\t\t\t\t\t<\/div>\n\t\t\t\t<\/div>\n\t\t\t\t\t<\/div>\n\t\t<\/div>\n\t\t\t\t\t<\/div>\n\t\t<\/section>\n\t\t\t\t<section class=\"elementor-section elementor-top-section elementor-element elementor-element-de22bd7 elementor-section-content-middle elementor-reverse-tablet elementor-reverse-mobile elementor-section-boxed elementor-section-height-default elementor-section-height-default\" data-id=\"de22bd7\" data-element_type=\"section\" data-e-type=\"section\" data-settings=\"{&quot;background_background&quot;:&quot;classic&quot;}\">\n\t\t\t\t\t\t<div class=\"elementor-container elementor-column-gap-no\">\n\t\t\t\t\t<div class=\"elementor-column elementor-col-50 elementor-top-column elementor-element elementor-element-8bb6fb8\" data-id=\"8bb6fb8\" data-element_type=\"column\" data-e-type=\"column\">\n\t\t\t<div class=\"elementor-widget-wrap elementor-element-populated\">\n\t\t\t\t\t\t<div class=\"elementor-element elementor-element-14baa5b elementor-widget elementor-widget-text-editor\" data-id=\"14baa5b\" data-element_type=\"widget\" data-e-type=\"widget\" data-widget_type=\"text-editor.default\">\n\t\t\t\t<div class=\"elementor-widget-container\">\n\t\t\t\t\t\t\t\t\t<p>Das Trevi Collection Hotel begr\u00fc\u00dft <strong>Next Door \u2013 Bar &amp; Ristorante<\/strong>, ein elegantes und einladendes Lokal im Herzen Roms, das sowohl Hotelg\u00e4sten als auch der \u00d6ffentlichkeit offensteht.<\/p><p>Die <strong>Bar<\/strong> ist von <strong>7:00 bis 00:00<\/strong> Uhr ge\u00f6ffnet und bietet frisches Fr\u00fchst\u00fcck, hochwertigen Kaffee und schnelle Mittagsgerichte mit saisonalen Zutaten \u2013 ideal f\u00fcr jede Tageszeit.<\/p><p>Das <strong>Restaurant<\/strong> ist von Montag bis Samstag zum Mittagessen von <strong>12:00 bis 15:00<\/strong> Uhr und zum Abendessen von <strong>15:00 bis 22:00<\/strong> Uhr ge\u00f6ffnet.\u00a0Uhr zum Abendessen ge\u00f6ffnet ist, serviert authentische italienische K\u00fcche mit modernem Touch. Hier erwarten Sie ausgew\u00e4hlte Zutaten, hausgemachte Pasta und Gerichte, die Tradition und Kreativit\u00e4t vereinen.<\/p>\t\t\t\t\t\t\t\t<\/div>\n\t\t\t\t<\/div>\n\t\t\t\t<div class=\"elementor-element elementor-element-458755a elementor-icon-list--layout-traditional elementor-list-item-link-full_width elementor-widget elementor-widget-icon-list\" data-id=\"458755a\" data-element_type=\"widget\" data-e-type=\"widget\" data-widget_type=\"icon-list.default\">\n\t\t\t\t<div class=\"elementor-widget-container\">\n\t\t\t\t\t\t\t<ul class=\"elementor-icon-list-items\">\n\t\t\t\t\t\t\t<li class=\"elementor-icon-list-item\">\n\t\t\t\t\t\t\t\t\t\t\t<a href=\"https:\/\/wa.me\/+393420148517\" target=\"_blank\">\n\n\t\t\t\t\t\t\t\t\t\t\t\t<span class=\"elementor-icon-list-icon\">\n\t\t\t\t\t\t\t<i aria-hidden=\"true\" class=\"fab fa-whatsapp\"><\/i>\t\t\t\t\t\t<\/span>\n\t\t\t\t\t\t\t\t\t\t<span class=\"elementor-icon-list-text\">Kontaktieren Sie uns<\/span>\n\t\t\t\t\t\t\t\t\t\t\t<\/a>\n\t\t\t\t\t\t\t\t\t<\/li>\n\t\t\t\t\t\t\t\t<li class=\"elementor-icon-list-item\">\n\t\t\t\t\t\t\t\t\t\t\t<a href=\"https:\/\/www.instagram.com\/nextdoor.collection?igsh=MTh1eDVzcnNtaDd3MA%3D%3D&#038;utm_source=qr\" target=\"_blank\">\n\n\t\t\t\t\t\t\t\t\t\t\t\t<span class=\"elementor-icon-list-icon\">\n\t\t\t\t\t\t\t<i aria-hidden=\"true\" class=\"fab fa-instagram\"><\/i>\t\t\t\t\t\t<\/span>\n\t\t\t\t\t\t\t\t\t\t<span class=\"elementor-icon-list-text\">Folgt uns auf Instagram<\/span>\n\t\t\t\t\t\t\t\t\t\t\t<\/a>\n\t\t\t\t\t\t\t\t\t<\/li>\n\t\t\t\t\t\t<\/ul>\n\t\t\t\t\t\t<\/div>\n\t\t\t\t<\/div>\n\t\t\t\t<div class=\"elementor-element elementor-element-390fd80 elementor-align-left elementor-widget__width-inherit elementor-mobile-align-justify elementor-widget-mobile__width-inherit elementor-widget elementor-widget-button\" data-id=\"390fd80\" data-element_type=\"widget\" data-e-type=\"widget\" data-widget_type=\"button.default\">\n\t\t\t\t<div class=\"elementor-widget-container\">\n\t\t\t\t\t\t\t\t\t<div class=\"elementor-button-wrapper\">\n\t\t\t\t\t<a class=\"elementor-button elementor-button-link elementor-size-sm\" href=\"https:\/\/trevicollectionhotel.com\/wp-content\/uploads\/2026\/02\/Menu-bar-burger.pdf\">\n\t\t\t\t\t\t<span class=\"elementor-button-content-wrapper\">\n\t\t\t\t\t\t\t\t\t<span class=\"elementor-button-text\">Barmen\u00fc<\/span>\n\t\t\t\t\t<\/span>\n\t\t\t\t\t<\/a>\n\t\t\t\t<\/div>\n\t\t\t\t\t\t\t\t<\/div>\n\t\t\t\t<\/div>\n\t\t\t\t<div class=\"elementor-element elementor-element-d454fa7 elementor-align-left elementor-widget__width-auto elementor-mobile-align-justify elementor-widget-mobile__width-inherit elementor-widget elementor-widget-button\" data-id=\"d454fa7\" data-element_type=\"widget\" data-e-type=\"widget\" data-widget_type=\"button.default\">\n\t\t\t\t<div class=\"elementor-widget-container\">\n\t\t\t\t\t\t\t\t\t<div class=\"elementor-button-wrapper\">\n\t\t\t\t\t<a class=\"elementor-button elementor-button-link elementor-size-sm\" href=\"https:\/\/trevicollectionhotel.com\/wp-content\/uploads\/2026\/02\/MENU-RISTORANTE-PRANZO.pdf\">\n\t\t\t\t\t\t<span class=\"elementor-button-content-wrapper\">\n\t\t\t\t\t\t\t\t\t<span class=\"elementor-button-text\">Mittagsmen\u00fc des Restaurants<\/span>\n\t\t\t\t\t<\/span>\n\t\t\t\t\t<\/a>\n\t\t\t\t<\/div>\n\t\t\t\t\t\t\t\t<\/div>\n\t\t\t\t<\/div>\n\t\t\t\t<div class=\"elementor-element elementor-element-ee9e81c elementor-align-left elementor-widget__width-auto elementor-mobile-align-justify elementor-widget-mobile__width-inherit elementor-widget elementor-widget-button\" data-id=\"ee9e81c\" data-element_type=\"widget\" data-e-type=\"widget\" data-widget_type=\"button.default\">\n\t\t\t\t<div class=\"elementor-widget-container\">\n\t\t\t\t\t\t\t\t\t<div class=\"elementor-button-wrapper\">\n\t\t\t\t\t<a class=\"elementor-button elementor-button-link elementor-size-sm\" href=\"https:\/\/trevicollectionhotel.com\/wp-content\/uploads\/2026\/02\/MENU-RISTORANTE-CENA.pdf\">\n\t\t\t\t\t\t<span class=\"elementor-button-content-wrapper\">\n\t\t\t\t\t\t\t\t\t<span class=\"elementor-button-text\">Restaurant-Abendmen\u00fcna<\/span>\n\t\t\t\t\t<\/span>\n\t\t\t\t\t<\/a>\n\t\t\t\t<\/div>\n\t\t\t\t\t\t\t\t<\/div>\n\t\t\t\t<\/div>\n\t\t\t\t<div class=\"elementor-element elementor-element-3dec88b elementor-align-justify elementor-widget elementor-widget-button\" data-id=\"3dec88b\" data-element_type=\"widget\" data-e-type=\"widget\" data-widget_type=\"button.default\">\n\t\t\t\t<div class=\"elementor-widget-container\">\n\t\t\t\t\t\t\t\t\t<div class=\"elementor-button-wrapper\">\n\t\t\t\t\t<a class=\"elementor-button elementor-button-link elementor-size-sm\" href=\"https:\/\/widget.thefork.com\/it\/080fc421-0b7d-45e0-b04a-ffb26d380b61\/homepage\/2ea69474-fb5e-4611-8623-2fe6e6856bbc\" target=\"_blank\">\n\t\t\t\t\t\t<span class=\"elementor-button-content-wrapper\">\n\t\t\t\t\t\t\t\t\t<span class=\"elementor-button-text\">Tisch reservieren<\/span>\n\t\t\t\t\t<\/span>\n\t\t\t\t\t<\/a>\n\t\t\t\t<\/div>\n\t\t\t\t\t\t\t\t<\/div>\n\t\t\t\t<\/div>\n\t\t\t\t\t<\/div>\n\t\t<\/div>\n\t\t\t\t<div class=\"elementor-column elementor-col-50 elementor-top-column elementor-element elementor-element-a969109\" data-id=\"a969109\" data-element_type=\"column\" data-e-type=\"column\">\n\t\t\t<div class=\"elementor-widget-wrap elementor-element-populated\">\n\t\t\t\t\t\t<div class=\"elementor-element elementor-element-1838606 elementor-widget elementor-widget-google_maps\" data-id=\"1838606\" data-element_type=\"widget\" data-e-type=\"widget\" data-widget_type=\"google_maps.default\">\n\t\t\t\t<div class=\"elementor-widget-container\">\n\t\t\t\t\t\t\t<div class=\"elementor-custom-embed\">\n\t\t\t<iframe loading=\"lazy\"\n\t\t\t\t\tsrc=\"https:\/\/maps.google.com\/maps?q=%20Via%20di%20Capo%20le%20Case%2060%20Roma&#038;t=m&#038;z=15&#038;output=embed&#038;iwloc=near\"\n\t\t\t\t\ttitle=\" Via di Capo le Case 60 Roma\"\n\t\t\t\t\taria-label=\" Via di Capo le Case 60 Roma\"\n\t\t\t><\/iframe>\n\t\t<\/div>\n\t\t\t\t\t\t<\/div>\n\t\t\t\t<\/div>\n\t\t\t\t\t<\/div>\n\t\t<\/div>\n\t\t\t\t\t<\/div>\n\t\t<\/section>\n\t\t\t\t<section class=\"elementor-section elementor-top-section elementor-element elementor-element-50b4b00 elementor-section-boxed elementor-section-height-default elementor-section-height-default\" data-id=\"50b4b00\" data-element_type=\"section\" data-e-type=\"section\">\n\t\t\t\t\t\t<div class=\"elementor-container elementor-column-gap-default\">\n\t\t\t\t\t<div class=\"elementor-column elementor-col-100 elementor-top-column elementor-element elementor-element-e710450\" data-id=\"e710450\" data-element_type=\"column\" data-e-type=\"column\">\n\t\t\t<div class=\"elementor-widget-wrap elementor-element-populated\">\n\t\t\t\t\t\t<div class=\"elementor-element elementor-element-a4b8e5f elementor-arrows-position-inside elementor-pagination-position-outside elementor-widget elementor-widget-image-carousel\" data-id=\"a4b8e5f\" data-element_type=\"widget\" data-e-type=\"widget\" data-settings=\"{&quot;slides_to_show&quot;:&quot;4&quot;,&quot;slides_to_scroll&quot;:&quot;1&quot;,&quot;image_spacing_custom&quot;:{&quot;unit&quot;:&quot;px&quot;,&quot;size&quot;:10,&quot;sizes&quot;:[]},&quot;navigation&quot;:&quot;both&quot;,&quot;autoplay&quot;:&quot;yes&quot;,&quot;pause_on_hover&quot;:&quot;yes&quot;,&quot;pause_on_interaction&quot;:&quot;yes&quot;,&quot;autoplay_speed&quot;:5000,&quot;infinite&quot;:&quot;yes&quot;,&quot;speed&quot;:500,&quot;image_spacing_custom_tablet&quot;:{&quot;unit&quot;:&quot;px&quot;,&quot;size&quot;:&quot;&quot;,&quot;sizes&quot;:[]},&quot;image_spacing_custom_mobile&quot;:{&quot;unit&quot;:&quot;px&quot;,&quot;size&quot;:&quot;&quot;,&quot;sizes&quot;:[]}}\" data-widget_type=\"image-carousel.default\">\n\t\t\t\t<div class=\"elementor-widget-container\">\n\t\t\t\t\t\t\t<div class=\"elementor-image-carousel-wrapper swiper\" role=\"region\" aria-roledescription=\"carousel\" aria-label=\"Carosello d&#039;immagini\" dir=\"ltr\">\n\t\t\t<div class=\"elementor-image-carousel swiper-wrapper\" aria-live=\"off\">\n\t\t\t\t\t\t\t\t<div class=\"swiper-slide\" role=\"group\" aria-roledescription=\"slide\" aria-label=\"1 von 7\"><figure class=\"swiper-slide-inner\"><img decoding=\"async\" class=\"swiper-slide-image\" src=\"https:\/\/trevicollectionhotel.com\/wp-content\/uploads\/2025\/12\/08A3109-Migliorato-NR.webp\" alt=\"_08A3109-Migliorato-NR\" \/><\/figure><\/div><div class=\"swiper-slide\" role=\"group\" aria-roledescription=\"slide\" aria-label=\"2 von 7\"><figure class=\"swiper-slide-inner\"><img decoding=\"async\" class=\"swiper-slide-image\" src=\"https:\/\/trevicollectionhotel.com\/wp-content\/uploads\/2025\/12\/08A3048.webp\" alt=\"_08A3048\" \/><\/figure><\/div><div class=\"swiper-slide\" role=\"group\" aria-roledescription=\"slide\" aria-label=\"3 von 7\"><figure class=\"swiper-slide-inner\"><img decoding=\"async\" class=\"swiper-slide-image\" src=\"https:\/\/trevicollectionhotel.com\/wp-content\/uploads\/2025\/12\/08A3110-Migliorato-NR.webp\" alt=\"_08A3110-Migliorato-NR\" \/><\/figure><\/div><div class=\"swiper-slide\" role=\"group\" aria-roledescription=\"slide\" aria-label=\"4 von 7\"><figure class=\"swiper-slide-inner\"><img decoding=\"async\" class=\"swiper-slide-image\" src=\"https:\/\/trevicollectionhotel.com\/wp-content\/uploads\/2025\/12\/08A3263-Migliorato-NR-1.webp\" alt=\"_08A3263-Migliorato-NR (1)\" \/><\/figure><\/div><div class=\"swiper-slide\" role=\"group\" aria-roledescription=\"slide\" aria-label=\"5 von 7\"><figure class=\"swiper-slide-inner\"><img decoding=\"async\" class=\"swiper-slide-image\" src=\"https:\/\/trevicollectionhotel.com\/wp-content\/uploads\/2025\/11\/DSC0243.webp\" alt=\"_DSC0243\" \/><\/figure><\/div><div class=\"swiper-slide\" role=\"group\" aria-roledescription=\"slide\" aria-label=\"6 von 7\"><figure class=\"swiper-slide-inner\"><img decoding=\"async\" class=\"swiper-slide-image\" src=\"https:\/\/trevicollectionhotel.com\/wp-content\/uploads\/2025\/11\/DSC9981.webp\" alt=\"_DSC9981\" \/><\/figure><\/div><div class=\"swiper-slide\" role=\"group\" aria-roledescription=\"slide\" aria-label=\"7 von 7\"><figure class=\"swiper-slide-inner\"><img decoding=\"async\" class=\"swiper-slide-image\" src=\"https:\/\/trevicollectionhotel.com\/wp-content\/uploads\/2025\/11\/DSC2844.webp\" alt=\"_DSC2844\" \/><\/figure><\/div>\t\t\t<\/div>\n\t\t\t\t\t\t\t\t\t\t\t\t<div class=\"elementor-swiper-button elementor-swiper-button-prev\" role=\"button\" tabindex=\"0\">\n\t\t\t\t\t\t<i aria-hidden=\"true\" class=\"eicon-chevron-left\"><\/i>\t\t\t\t\t<\/div>\n\t\t\t\t\t<div class=\"elementor-swiper-button elementor-swiper-button-next\" role=\"button\" tabindex=\"0\">\n\t\t\t\t\t\t<i aria-hidden=\"true\" class=\"eicon-chevron-right\"><\/i>\t\t\t\t\t<\/div>\n\t\t\t\t\n\t\t\t\t\t\t\t\t\t<div class=\"swiper-pagination\"><\/div>\n\t\t\t\t\t\t\t\t\t<\/div>\n\t\t\t\t\t\t<\/div>\n\t\t\t\t<\/div>\n\t\t\t\t\t<\/div>\n\t\t<\/div>\n\t\t\t\t\t<\/div>\n\t\t<\/section>\n\t\t\t\t<\/div>\n\t\t","protected":false},"excerpt":{"rendered":"<p>Next Door: Bar &amp; Restaurant Das Trevi Collection Hotel begr\u00fc\u00dft Next Door \u2013 Bar &amp; Ristorante, ein elegantes und einladendes Lokal im Herzen Roms, das sowohl Hotelg\u00e4sten als auch der \u00d6ffentlichkeit offensteht. Die Bar ist von 7:00 bis 00:00 Uhr &hellip; <a href=\"https:\/\/trevicollectionhotel.com\/de\/bar\/\">Read More<\/a><\/p>\n","protected":false},"author":1,"featured_media":3497,"parent":0,"menu_order":0,"comment_status":"closed","ping_status":"closed","template":"","meta":{"footnotes":""},"class_list":["post-2501","page","type-page","status-publish","has-post-thumbnail","hentry"],"yoast_head":"<!-- This site is optimized with the Yoast SEO plugin v26.9 - https:\/\/yoast.com\/product\/yoast-seo-wordpress\/ -->\n<title>Bar &amp; Lounge | Trevi Collection Hotel Rom<\/title>\n<meta name=\"description\" content=\"Genie\u00dfen Sie die stilvolle Bar &amp; Lounge des Trevi Collection Hotel im Herzen von Rom. Lassen Sie sich mit Signature-Cocktails.\" \/>\n<meta name=\"robots\" content=\"index, follow, max-snippet:-1, max-image-preview:large, max-video-preview:-1\" \/>\n<link rel=\"canonical\" href=\"https:\/\/trevicollectionhotel.com\/de\/bar\/\" \/>\n<meta property=\"og:locale\" content=\"de_DE\" \/>\n<meta property=\"og:type\" content=\"article\" \/>\n<meta property=\"og:title\" content=\"Bar &amp; Lounge | Trevi Collection Hotel Rom\" \/>\n<meta property=\"og:description\" content=\"Genie\u00dfen Sie die stilvolle Bar &amp; Lounge des Trevi Collection Hotel im Herzen von Rom. Lassen Sie sich mit Signature-Cocktails.\" \/>\n<meta property=\"og:url\" content=\"https:\/\/trevicollectionhotel.com\/de\/bar\/\" \/>\n<meta property=\"og:site_name\" content=\"Trevi Collection Hotel a Roma\" \/>\n<meta property=\"article:publisher\" content=\"https:\/\/www.facebook.com\/profile.php?id=61576998643266#\" \/>\n<meta property=\"article:modified_time\" content=\"2026-04-07T10:52:50+00:00\" \/>\n<meta property=\"og:image\" content=\"https:\/\/trevicollectionhotel.com\/wp-content\/uploads\/2025\/05\/favicon.webp\" \/>\n\t<meta property=\"og:image:width\" content=\"361\" \/>\n\t<meta property=\"og:image:height\" content=\"370\" \/>\n\t<meta property=\"og:image:type\" content=\"image\/webp\" \/>\n<meta name=\"twitter:card\" content=\"summary_large_image\" \/>\n<meta name=\"twitter:label1\" content=\"Gesch\u00e4tzte Lesezeit\" \/>\n\t<meta name=\"twitter:data1\" content=\"4\u00a0Minuten\" \/>\n<script type=\"application\/ld+json\" class=\"yoast-schema-graph\">{\"@context\":\"https:\/\/schema.org\",\"@graph\":[{\"@type\":\"WebPage\",\"@id\":\"https:\/\/trevicollectionhotel.com\/de\/bar\/\",\"url\":\"https:\/\/trevicollectionhotel.com\/de\/bar\/\",\"name\":\"Bar & Lounge | Trevi Collection Hotel Rom\",\"isPartOf\":{\"@id\":\"https:\/\/trevicollectionhotel.com\/de\/#website\"},\"primaryImageOfPage\":{\"@id\":\"https:\/\/trevicollectionhotel.com\/de\/bar\/#primaryimage\"},\"image\":{\"@id\":\"https:\/\/trevicollectionhotel.com\/de\/bar\/#primaryimage\"},\"thumbnailUrl\":\"https:\/\/trevicollectionhotel.com\/wp-content\/uploads\/2025\/05\/favicon.webp\",\"datePublished\":\"2025-06-19T13:39:47+00:00\",\"dateModified\":\"2026-04-07T10:52:50+00:00\",\"description\":\"Genie\u00dfen Sie die stilvolle Bar & Lounge des Trevi Collection Hotel im Herzen von Rom. Lassen Sie sich mit Signature-Cocktails.\",\"breadcrumb\":{\"@id\":\"https:\/\/trevicollectionhotel.com\/de\/bar\/#breadcrumb\"},\"inLanguage\":\"de\",\"potentialAction\":[{\"@type\":\"ReadAction\",\"target\":[\"https:\/\/trevicollectionhotel.com\/de\/bar\/\"]}]},{\"@type\":\"ImageObject\",\"inLanguage\":\"de\",\"@id\":\"https:\/\/trevicollectionhotel.com\/de\/bar\/#primaryimage\",\"url\":\"https:\/\/trevicollectionhotel.com\/wp-content\/uploads\/2025\/05\/favicon.webp\",\"contentUrl\":\"https:\/\/trevicollectionhotel.com\/wp-content\/uploads\/2025\/05\/favicon.webp\",\"width\":361,\"height\":370},{\"@type\":\"BreadcrumbList\",\"@id\":\"https:\/\/trevicollectionhotel.com\/de\/bar\/#breadcrumb\",\"itemListElement\":[{\"@type\":\"ListItem\",\"position\":1,\"name\":\"Home\",\"item\":\"https:\/\/trevicollectionhotel.com\/de\/home\/\"},{\"@type\":\"ListItem\",\"position\":2,\"name\":\"Bar\"}]},{\"@type\":\"WebSite\",\"@id\":\"https:\/\/trevicollectionhotel.com\/de\/#website\",\"url\":\"https:\/\/trevicollectionhotel.com\/de\/\",\"name\":\"Trevi Collection Hotel a Roma\",\"description\":\"\",\"publisher\":{\"@id\":\"https:\/\/trevicollectionhotel.com\/de\/#organization\"},\"potentialAction\":[{\"@type\":\"SearchAction\",\"target\":{\"@type\":\"EntryPoint\",\"urlTemplate\":\"https:\/\/trevicollectionhotel.com\/de\/?s={search_term_string}\"},\"query-input\":{\"@type\":\"PropertyValueSpecification\",\"valueRequired\":true,\"valueName\":\"search_term_string\"}}],\"inLanguage\":\"de\"},{\"@type\":\"Organization\",\"@id\":\"https:\/\/trevicollectionhotel.com\/de\/#organization\",\"name\":\"Trevi Collection Hotel a Roma\",\"url\":\"https:\/\/trevicollectionhotel.com\/de\/\",\"logo\":{\"@type\":\"ImageObject\",\"inLanguage\":\"de\",\"@id\":\"https:\/\/trevicollectionhotel.com\/de\/#\/schema\/logo\/image\/\",\"url\":\"https:\/\/trevicollectionhotel.com\/wp-content\/uploads\/2021\/10\/logo-gruppo-trevi-_black.webp\",\"contentUrl\":\"https:\/\/trevicollectionhotel.com\/wp-content\/uploads\/2021\/10\/logo-gruppo-trevi-_black.webp\",\"width\":105,\"height\":78,\"caption\":\"Trevi Collection Hotel a Roma\"},\"image\":{\"@id\":\"https:\/\/trevicollectionhotel.com\/de\/#\/schema\/logo\/image\/\"},\"sameAs\":[\"https:\/\/www.facebook.com\/profile.php?id=61576998643266#\",\"https:\/\/www.instagram.com\/trevicollectionhotel?igsh=MWR2ZTM2azFqM2g1eQ&utm_source=qr\"]}]}<\/script>\n<!-- \/ Yoast SEO plugin. -->","yoast_head_json":{"title":"Bar & Lounge | Trevi Collection Hotel Rom","description":"Genie\u00dfen Sie die stilvolle Bar & Lounge des Trevi Collection Hotel im Herzen von Rom. Lassen Sie sich mit Signature-Cocktails.","robots":{"index":"index","follow":"follow","max-snippet":"max-snippet:-1","max-image-preview":"max-image-preview:large","max-video-preview":"max-video-preview:-1"},"canonical":"https:\/\/trevicollectionhotel.com\/de\/bar\/","og_locale":"de_DE","og_type":"article","og_title":"Bar & Lounge | Trevi Collection Hotel Rom","og_description":"Genie\u00dfen Sie die stilvolle Bar & Lounge des Trevi Collection Hotel im Herzen von Rom. Lassen Sie sich mit Signature-Cocktails.","og_url":"https:\/\/trevicollectionhotel.com\/de\/bar\/","og_site_name":"Trevi Collection Hotel a Roma","article_publisher":"https:\/\/www.facebook.com\/profile.php?id=61576998643266#","article_modified_time":"2026-04-07T10:52:50+00:00","og_image":[{"width":361,"height":370,"url":"https:\/\/trevicollectionhotel.com\/wp-content\/uploads\/2025\/05\/favicon.webp","type":"image\/webp"}],"twitter_card":"summary_large_image","twitter_misc":{"Gesch\u00e4tzte Lesezeit":"4\u00a0Minuten"},"schema":{"@context":"https:\/\/schema.org","@graph":[{"@type":"WebPage","@id":"https:\/\/trevicollectionhotel.com\/de\/bar\/","url":"https:\/\/trevicollectionhotel.com\/de\/bar\/","name":"Bar & Lounge | Trevi Collection Hotel Rom","isPartOf":{"@id":"https:\/\/trevicollectionhotel.com\/de\/#website"},"primaryImageOfPage":{"@id":"https:\/\/trevicollectionhotel.com\/de\/bar\/#primaryimage"},"image":{"@id":"https:\/\/trevicollectionhotel.com\/de\/bar\/#primaryimage"},"thumbnailUrl":"https:\/\/trevicollectionhotel.com\/wp-content\/uploads\/2025\/05\/favicon.webp","datePublished":"2025-06-19T13:39:47+00:00","dateModified":"2026-04-07T10:52:50+00:00","description":"Genie\u00dfen Sie die stilvolle Bar & Lounge des Trevi Collection Hotel im Herzen von Rom. Lassen Sie sich mit Signature-Cocktails.","breadcrumb":{"@id":"https:\/\/trevicollectionhotel.com\/de\/bar\/#breadcrumb"},"inLanguage":"de","potentialAction":[{"@type":"ReadAction","target":["https:\/\/trevicollectionhotel.com\/de\/bar\/"]}]},{"@type":"ImageObject","inLanguage":"de","@id":"https:\/\/trevicollectionhotel.com\/de\/bar\/#primaryimage","url":"https:\/\/trevicollectionhotel.com\/wp-content\/uploads\/2025\/05\/favicon.webp","contentUrl":"https:\/\/trevicollectionhotel.com\/wp-content\/uploads\/2025\/05\/favicon.webp","width":361,"height":370},{"@type":"BreadcrumbList","@id":"https:\/\/trevicollectionhotel.com\/de\/bar\/#breadcrumb","itemListElement":[{"@type":"ListItem","position":1,"name":"Home","item":"https:\/\/trevicollectionhotel.com\/de\/home\/"},{"@type":"ListItem","position":2,"name":"Bar"}]},{"@type":"WebSite","@id":"https:\/\/trevicollectionhotel.com\/de\/#website","url":"https:\/\/trevicollectionhotel.com\/de\/","name":"Trevi Collection Hotel a Roma","description":"","publisher":{"@id":"https:\/\/trevicollectionhotel.com\/de\/#organization"},"potentialAction":[{"@type":"SearchAction","target":{"@type":"EntryPoint","urlTemplate":"https:\/\/trevicollectionhotel.com\/de\/?s={search_term_string}"},"query-input":{"@type":"PropertyValueSpecification","valueRequired":true,"valueName":"search_term_string"}}],"inLanguage":"de"},{"@type":"Organization","@id":"https:\/\/trevicollectionhotel.com\/de\/#organization","name":"Trevi Collection Hotel a Roma","url":"https:\/\/trevicollectionhotel.com\/de\/","logo":{"@type":"ImageObject","inLanguage":"de","@id":"https:\/\/trevicollectionhotel.com\/de\/#\/schema\/logo\/image\/","url":"https:\/\/trevicollectionhotel.com\/wp-content\/uploads\/2021\/10\/logo-gruppo-trevi-_black.webp","contentUrl":"https:\/\/trevicollectionhotel.com\/wp-content\/uploads\/2021\/10\/logo-gruppo-trevi-_black.webp","width":105,"height":78,"caption":"Trevi Collection Hotel a Roma"},"image":{"@id":"https:\/\/trevicollectionhotel.com\/de\/#\/schema\/logo\/image\/"},"sameAs":["https:\/\/www.facebook.com\/profile.php?id=61576998643266#","https:\/\/www.instagram.com\/trevicollectionhotel?igsh=MWR2ZTM2azFqM2g1eQ&utm_source=qr"]}]}},"jetpack_sharing_enabled":true,"_links":{"self":[{"href":"https:\/\/trevicollectionhotel.com\/de\/wp-json\/wp\/v2\/pages\/2501","targetHints":{"allow":["GET"]}}],"collection":[{"href":"https:\/\/trevicollectionhotel.com\/de\/wp-json\/wp\/v2\/pages"}],"about":[{"href":"https:\/\/trevicollectionhotel.com\/de\/wp-json\/wp\/v2\/types\/page"}],"author":[{"embeddable":true,"href":"https:\/\/trevicollectionhotel.com\/de\/wp-json\/wp\/v2\/users\/1"}],"replies":[{"embeddable":true,"href":"https:\/\/trevicollectionhotel.com\/de\/wp-json\/wp\/v2\/comments?post=2501"}],"version-history":[{"count":79,"href":"https:\/\/trevicollectionhotel.com\/de\/wp-json\/wp\/v2\/pages\/2501\/revisions"}],"predecessor-version":[{"id":6050,"href":"https:\/\/trevicollectionhotel.com\/de\/wp-json\/wp\/v2\/pages\/2501\/revisions\/6050"}],"wp:featuredmedia":[{"embeddable":true,"href":"https:\/\/trevicollectionhotel.com\/de\/wp-json\/wp\/v2\/media\/3497"}],"wp:attachment":[{"href":"https:\/\/trevicollectionhotel.com\/de\/wp-json\/wp\/v2\/media?parent=2501"}],"curies":[{"name":"wp","href":"https:\/\/api.w.org\/{rel}","templated":true}]}}